{"id":30583,"date":"2018-05-10T09:25:55","date_gmt":"2018-05-10T07:25:55","guid":{"rendered":"https:\/\/supreme-living.de\/pagina-campione\/"},"modified":"2018-05-10T09:25:55","modified_gmt":"2018-05-10T07:25:55","slug":"pagina-campione","status":"publish","type":"page","link":"https:\/\/supreme-living.de\/it\/pagina-campione\/","title":{"rendered":"Pagina campione"},"content":{"rendered":"<p>Questa \u00e8 una pagina di esempio. \u00c8 diverso da un post di un blog perch\u00e9 rimarr\u00e0 in un unico posto e apparir\u00e0 nella navigazione del sito (nella maggior parte dei temi). La maggior parte delle persone inizia con una pagina informativa che li presenta ai potenziali visitatori del sito. Potrebbe dire qualcosa del genere:<\/p>\n<blockquote><p>Ciao a tutti! Sono un corriere in bicicletta di giorno, aspirante attore di notte, e questo \u00e8 il mio sito web. Vivo a Los Angeles, ho un cane fantastico di nome Jack e mi piacciono le pi\u00f1a colada. (E di farsi prendere dalla pioggia).<\/p><\/blockquote>\n<p>&#8230;o qualcosa del genere:<\/p>\n<blockquote><p>La XYZ Doohickey Company \u00e8 stata fondata nel 1971 e da allora fornisce al pubblico doohickey di qualit\u00e0. Situata a Gotham City, XYZ d\u00e0 lavoro a pi\u00f9 di 2.000 persone e fa un sacco di cose fantastiche per la comunit\u00e0 di Gotham.<\/p><\/blockquote>\n<p>Come nuovo utente di WordPress, si dovrebbe andare nella <a href=\"https:\/\/santorini.wprentals.org\/wp-admin\/\">propria dashboard<\/a> per eliminare questa pagina e creare nuove pagine per i propri contenuti. Divertitevi!<\/p>\n","protected":false},"excerpt":{"rendered":"<p>Questa \u00e8 una pagina di esempio. \u00c8 diverso da un post di un blog perch\u00e9 rimarr\u00e0 in un unico posto e apparir\u00e0 nella navigazione del sito (nella maggior parte dei temi). La maggior parte delle persone inizia con una pagina informativa che li presenta ai potenziali visitatori del sito. Potrebbe dire qualcosa del genere: Ciao &#8230;<\/p>\n","protected":false},"author":1,"featured_media":0,"parent":0,"menu_order":0,"comment_status":"closed","ping_status":"open","template":"","meta":{"inline_featured_image":false,"footnotes":""},"class_list":["post-30583","page","type-page","status-publish","hentry"],"yoast_head":"<!-- This site is optimized with the Yoast SEO plugin v27.5 - https:\/\/yoast.com\/product\/yoast-seo-wordpress\/ -->\n<title>Pagina campione &#187; Supreme Living Frankfurt<\/title>\n<meta name=\"description\" content=\"Supreme Living bietet stilvolle, voll m\u00f6blierte Apartments im Rhein-Main-Gebiet. Ideal f\u00fcr Wohnen auf Zeit, Gesch\u00e4ftsreisende und Pendler \u2013 erleben Sie Komfort und Flexibilit\u00e4t in exklusivem Ambiente.\" \/>\n<meta name=\"robots\" content=\"index, follow, max-snippet:-1, max-image-preview:large, max-video-preview:-1\" \/>\n<link rel=\"canonical\" href=\"https:\/\/supreme-living.de\/it\/pagina-campione\/\" \/>\n<meta property=\"og:locale\" content=\"it_IT\" \/>\n<meta property=\"og:type\" content=\"article\" \/>\n<meta property=\"og:title\" content=\"Pagina campione &#187; Supreme Living Frankfurt\" \/>\n<meta property=\"og:description\" content=\"Supreme Living bietet stilvolle, voll m\u00f6blierte Apartments im Rhein-Main-Gebiet. Ideal f\u00fcr Wohnen auf Zeit, Gesch\u00e4ftsreisende und Pendler \u2013 erleben Sie Komfort und Flexibilit\u00e4t in exklusivem Ambiente.\" \/>\n<meta property=\"og:url\" content=\"https:\/\/supreme-living.de\/it\/pagina-campione\/\" \/>\n<meta property=\"og:site_name\" content=\"Supreme Living Frankfurt\" \/>\n<meta property=\"article:publisher\" content=\"https:\/\/www.facebook.com\/supremeliving.de\" \/>\n<meta property=\"og:image\" content=\"https:\/\/supreme-living.de\/wp-content\/uploads\/2025\/04\/supreme-living-frankfurt.jpg\" \/>\n\t<meta property=\"og:image:width\" content=\"1200\" \/>\n\t<meta property=\"og:image:height\" content=\"675\" \/>\n\t<meta property=\"og:image:type\" content=\"image\/jpeg\" \/>\n<meta name=\"twitter:card\" content=\"summary_large_image\" \/>\n<meta name=\"twitter:site\" content=\"@SupremeLivingde\" \/>\n<meta name=\"twitter:label1\" content=\"Tempo di lettura stimato\" \/>\n\t<meta name=\"twitter:data1\" content=\"1 minuto\" \/>\n<script type=\"application\/ld+json\" class=\"yoast-schema-graph\">{\"@context\":\"https:\\\/\\\/schema.org\",\"@graph\":[{\"@type\":\"WebPage\",\"@id\":\"https:\\\/\\\/supreme-living.de\\\/it\\\/pagina-campione\\\/\",\"url\":\"https:\\\/\\\/supreme-living.de\\\/it\\\/pagina-campione\\\/\",\"name\":\"Pagina campione &#187; Supreme Living Frankfurt\",\"isPartOf\":{\"@id\":\"https:\\\/\\\/supreme-living.de\\\/it\\\/#website\"},\"datePublished\":\"2018-05-10T07:25:55+00:00\",\"description\":\"Supreme Living bietet stilvolle, voll m\u00f6blierte Apartments im Rhein-Main-Gebiet. Ideal f\u00fcr Wohnen auf Zeit, Gesch\u00e4ftsreisende und Pendler \u2013 erleben Sie Komfort und Flexibilit\u00e4t in exklusivem Ambiente.\",\"breadcrumb\":{\"@id\":\"https:\\\/\\\/supreme-living.de\\\/it\\\/pagina-campione\\\/#breadcrumb\"},\"inLanguage\":\"it-IT\",\"potentialAction\":[{\"@type\":\"ReadAction\",\"target\":[\"https:\\\/\\\/supreme-living.de\\\/it\\\/pagina-campione\\\/\"]}]},{\"@type\":\"BreadcrumbList\",\"@id\":\"https:\\\/\\\/supreme-living.de\\\/it\\\/pagina-campione\\\/#breadcrumb\",\"itemListElement\":[{\"@type\":\"ListItem\",\"position\":1,\"name\":\"Startseite\",\"item\":\"https:\\\/\\\/supreme-living.de\\\/it\\\/\"},{\"@type\":\"ListItem\",\"position\":2,\"name\":\"Pagina campione\"}]},{\"@type\":\"WebSite\",\"@id\":\"https:\\\/\\\/supreme-living.de\\\/it\\\/#website\",\"url\":\"https:\\\/\\\/supreme-living.de\\\/it\\\/\",\"name\":\"Supreme living & working GmbH\",\"description\":\"...besser als Zuhause wohnen!\",\"publisher\":{\"@id\":\"https:\\\/\\\/supreme-living.de\\\/it\\\/#organization\"},\"potentialAction\":[{\"@type\":\"SearchAction\",\"target\":{\"@type\":\"EntryPoint\",\"urlTemplate\":\"https:\\\/\\\/supreme-living.de\\\/it\\\/?s={search_term_string}\"},\"query-input\":{\"@type\":\"PropertyValueSpecification\",\"valueRequired\":true,\"valueName\":\"search_term_string\"}}],\"inLanguage\":\"it-IT\"},{\"@type\":\"Organization\",\"@id\":\"https:\\\/\\\/supreme-living.de\\\/it\\\/#organization\",\"name\":\"Supreme living & working GmbH\",\"url\":\"https:\\\/\\\/supreme-living.de\\\/it\\\/\",\"logo\":{\"@type\":\"ImageObject\",\"inLanguage\":\"it-IT\",\"@id\":\"https:\\\/\\\/supreme-living.de\\\/it\\\/#\\\/schema\\\/logo\\\/image\\\/\",\"url\":\"https:\\\/\\\/supreme-living.de\\\/wp-content\\\/uploads\\\/2023\\\/09\\\/supreme-blue.logo_.png\",\"contentUrl\":\"https:\\\/\\\/supreme-living.de\\\/wp-content\\\/uploads\\\/2023\\\/09\\\/supreme-blue.logo_.png\",\"width\":1055,\"height\":694,\"caption\":\"Supreme living & working GmbH\"},\"image\":{\"@id\":\"https:\\\/\\\/supreme-living.de\\\/it\\\/#\\\/schema\\\/logo\\\/image\\\/\"},\"sameAs\":[\"https:\\\/\\\/www.facebook.com\\\/supremeliving.de\",\"https:\\\/\\\/x.com\\\/SupremeLivingde\",\"https:\\\/\\\/www.instagram.com\\\/supremelivingde\\\/\"]}]}<\/script>\n<!-- \/ Yoast SEO plugin. -->","yoast_head_json":{"title":"Pagina campione &#187; Supreme Living Frankfurt","description":"Supreme Living bietet stilvolle, voll m\u00f6blierte Apartments im Rhein-Main-Gebiet. Ideal f\u00fcr Wohnen auf Zeit, Gesch\u00e4ftsreisende und Pendler \u2013 erleben Sie Komfort und Flexibilit\u00e4t in exklusivem Ambiente.","robots":{"index":"index","follow":"follow","max-snippet":"max-snippet:-1","max-image-preview":"max-image-preview:large","max-video-preview":"max-video-preview:-1"},"canonical":"https:\/\/supreme-living.de\/it\/pagina-campione\/","og_locale":"it_IT","og_type":"article","og_title":"Pagina campione &#187; Supreme Living Frankfurt","og_description":"Supreme Living bietet stilvolle, voll m\u00f6blierte Apartments im Rhein-Main-Gebiet. Ideal f\u00fcr Wohnen auf Zeit, Gesch\u00e4ftsreisende und Pendler \u2013 erleben Sie Komfort und Flexibilit\u00e4t in exklusivem Ambiente.","og_url":"https:\/\/supreme-living.de\/it\/pagina-campione\/","og_site_name":"Supreme Living Frankfurt","article_publisher":"https:\/\/www.facebook.com\/supremeliving.de","og_image":[{"width":1200,"height":675,"url":"https:\/\/supreme-living.de\/wp-content\/uploads\/2025\/04\/supreme-living-frankfurt.jpg","type":"image\/jpeg"}],"twitter_card":"summary_large_image","twitter_site":"@SupremeLivingde","twitter_misc":{"Tempo di lettura stimato":"1 minuto"},"schema":{"@context":"https:\/\/schema.org","@graph":[{"@type":"WebPage","@id":"https:\/\/supreme-living.de\/it\/pagina-campione\/","url":"https:\/\/supreme-living.de\/it\/pagina-campione\/","name":"Pagina campione &#187; Supreme Living Frankfurt","isPartOf":{"@id":"https:\/\/supreme-living.de\/it\/#website"},"datePublished":"2018-05-10T07:25:55+00:00","description":"Supreme Living bietet stilvolle, voll m\u00f6blierte Apartments im Rhein-Main-Gebiet. Ideal f\u00fcr Wohnen auf Zeit, Gesch\u00e4ftsreisende und Pendler \u2013 erleben Sie Komfort und Flexibilit\u00e4t in exklusivem Ambiente.","breadcrumb":{"@id":"https:\/\/supreme-living.de\/it\/pagina-campione\/#breadcrumb"},"inLanguage":"it-IT","potentialAction":[{"@type":"ReadAction","target":["https:\/\/supreme-living.de\/it\/pagina-campione\/"]}]},{"@type":"BreadcrumbList","@id":"https:\/\/supreme-living.de\/it\/pagina-campione\/#breadcrumb","itemListElement":[{"@type":"ListItem","position":1,"name":"Startseite","item":"https:\/\/supreme-living.de\/it\/"},{"@type":"ListItem","position":2,"name":"Pagina campione"}]},{"@type":"WebSite","@id":"https:\/\/supreme-living.de\/it\/#website","url":"https:\/\/supreme-living.de\/it\/","name":"Supreme living & working GmbH","description":"...besser als Zuhause wohnen!","publisher":{"@id":"https:\/\/supreme-living.de\/it\/#organization"},"potentialAction":[{"@type":"SearchAction","target":{"@type":"EntryPoint","urlTemplate":"https:\/\/supreme-living.de\/it\/?s={search_term_string}"},"query-input":{"@type":"PropertyValueSpecification","valueRequired":true,"valueName":"search_term_string"}}],"inLanguage":"it-IT"},{"@type":"Organization","@id":"https:\/\/supreme-living.de\/it\/#organization","name":"Supreme living & working GmbH","url":"https:\/\/supreme-living.de\/it\/","logo":{"@type":"ImageObject","inLanguage":"it-IT","@id":"https:\/\/supreme-living.de\/it\/#\/schema\/logo\/image\/","url":"https:\/\/supreme-living.de\/wp-content\/uploads\/2023\/09\/supreme-blue.logo_.png","contentUrl":"https:\/\/supreme-living.de\/wp-content\/uploads\/2023\/09\/supreme-blue.logo_.png","width":1055,"height":694,"caption":"Supreme living & working GmbH"},"image":{"@id":"https:\/\/supreme-living.de\/it\/#\/schema\/logo\/image\/"},"sameAs":["https:\/\/www.facebook.com\/supremeliving.de","https:\/\/x.com\/SupremeLivingde","https:\/\/www.instagram.com\/supremelivingde\/"]}]}},"_links":{"self":[{"href":"https:\/\/supreme-living.de\/it\/wp-json\/wp\/v2\/pages\/30583","targetHints":{"allow":["GET"]}}],"collection":[{"href":"https:\/\/supreme-living.de\/it\/wp-json\/wp\/v2\/pages"}],"about":[{"href":"https:\/\/supreme-living.de\/it\/wp-json\/wp\/v2\/types\/page"}],"author":[{"embeddable":true,"href":"https:\/\/supreme-living.de\/it\/wp-json\/wp\/v2\/users\/1"}],"replies":[{"embeddable":true,"href":"https:\/\/supreme-living.de\/it\/wp-json\/wp\/v2\/comments?post=30583"}],"version-history":[{"count":0,"href":"https:\/\/supreme-living.de\/it\/wp-json\/wp\/v2\/pages\/30583\/revisions"}],"wp:attachment":[{"href":"https:\/\/supreme-living.de\/it\/wp-json\/wp\/v2\/media?parent=30583"}],"curies":[{"name":"wp","href":"https:\/\/api.w.org\/{rel}","templated":true}]}}