{"id":29945,"date":"2023-09-29T17:06:51","date_gmt":"2023-09-29T15:06:51","guid":{"rendered":"https:\/\/supreme-living.de\/agb\/"},"modified":"2023-10-26T13:03:38","modified_gmt":"2023-10-26T11:03:38","slug":"agb","status":"publish","type":"page","link":"https:\/\/supreme-living.de\/it\/agb\/","title":{"rendered":"AGB"},"content":{"rendered":"\n<p>Supreme living &amp; working GmbH, di seguito denominata Supreme living, Condizioni generali di contratto (CGC):<\/p>\n\n<p>1. ambito di applicazione:<\/p>\n\n<p>I presenti T&amp;C regolano il rapporto contrattuale tra Supreme Living e i suoi clienti (inquilini) in relazione alla fornitura di camere e appartamenti ammobiliati e ai servizi correlati.<\/p>\n\n<p>2. conclusione del contratto:.<\/p>\n\n<p>2.1 Il contratto tra Supreme Living e il cliente si forma quando il cliente effettua una richiesta di prenotazione e Supreme Living conferma la prenotazione per iscritto o via e-mail.<\/p>\n\n<p>2.2 Il cliente \u00e8 responsabile di fornire informazioni accurate e complete durante il processo di prenotazione. Supreme Living si riserva il diritto di rifiutare una richiesta di prenotazione se la camera o l&#8217;appartamento richiesto non \u00e8 disponibile o se le informazioni fornite dal cliente sono incomplete o inesatte.<\/p>\n\n<p>3. benefici e obblighi:<\/p>\n\n<p>3.1 Supreme Living si impegna a fornire al Cliente una stanza o un appartamento ammobiliato per la durata concordata e in conformit\u00e0 alle specifiche indicate sul sito web di Supreme Living o nella conferma della prenotazione.<\/p>\n\n<p>3.2 Il Cliente si impegna a utilizzare l&#8217;Appartamento e le sue strutture in modo responsabile e legale, a rispettare i diritti degli altri residenti e a conformarsi a tutte le ulteriori norme e regolamenti di Supreme Living.<\/p>\n\n<p>3.3 Al cliente \u00e8 vietato attaccare oggetti alla parete e\/o al pavimento e\/o al soffitto o installarli nell&#8217;abitazione senza aver prima ottenuto l&#8217;autorizzazione scritta di Supreme-Living. Tutti gli oggetti applicati e\/o installati dal cliente devono essere rimossi al momento del trasloco e le condizioni originali dell&#8217;appartamento devono essere ripristinate.<\/p>\n\n<p>3.4 I clienti sono tenuti a maneggiare tutti gli oggetti con cura e a trattare gli altri residenti con rispetto. Dopo le 21.00 \u00e8 severamente vietato il rumore eccessivo.<\/p>\n\n<p>3.5 \u00c8 espressamente vietato il pernottamento di persone nelle camere e negli appartamenti arredati non menzionati nel contratto.<\/p>\n\n<p>3.6 Dopo l&#8217;utilizzo dei locali comuni (in particolare bagno, WC e cucina) e degli oggetti (in particolare utensili da cucina e accessori da bagno), questi devono essere immediatamente puliti e rimessi al loro posto.<\/p>\n\n<p>Il riscaldamento deve essere impostato a temperatura ambiente. \u00c8 vietato l&#8217;uso eccessivo di elettricit\u00e0 e riscaldamento.<\/p>\n\n<p>3.7 \u00c8 vietato collocare oggetti negli spazi comuni e davanti alla porta dell&#8217;appartamento.<\/p>\n\n<p>3.8 Il periodo minimo di noleggio \u00e8 di 90 giorni.<\/p>\n\n<p>3.9 Al momento del trasloco, l&#8217;inquilino paga sempre l&#8217;intera met\u00e0 del mese (entro il 15 o il 30 del mese).<\/p>\n\n<p>3.10 La risoluzione di un contratto di locazione in corso deve sempre avvenire per iscritto. Il periodo di preavviso \u00e8 di 3 mesi alla fine del mese, se non diversamente specificato nel contratto. Per rispettare la scadenza, la disdetta deve pervenire al locatore entro il terzo giorno lavorativo del mese.<\/p>\n\n<p>4. pagamento:<\/p>\n\n<p>4.1 Il cliente si impegna a versare la caparra immediatamente alla stipula del contratto e a pagare l'&#8221;affitto e i servizi&#8221; concordati per la durata del soggiorno, nonch\u00e9 eventuali oneri o costi aggiuntivi come da conferma di prenotazione, nei tempi previsti o, se diversamente concordato, entro il terzo del mese.<\/p>\n\n<p>4.2 Il pagamento \u00e8 dovuto per intero all&#8217;arrivo, salvo diverso accordo scritto tra Supreme Living e il Cliente.<\/p>\n\n<p>4.3 A causa delle forti oscillazioni dei prezzi dell&#8217;energia, il locatore \u00e8 autorizzato ad addebitare un supplemento di energia di \u20ac 3,- al giorno, qualora fosse necessario.<\/p>\n\n<p>4.4. A titolo facoltativo e dietro pagamento di un supplemento, l&#8217;inquilino pu\u00f2 affittare un locale cantina e\/o un posto auto, se questi sono disponibili e se il locatore li offre.<\/p>\n\n<p>4.5 Al momento del trasloco, l&#8217;inquilino dovr\u00e0 pagare una tassa di pulizia di 200 euro.<\/p>\n\n<p>5. annullamento e risoluzione:<\/p>\n\n<p>5.1 Il Cliente pu\u00f2 cancellare la prenotazione comunicandolo per iscritto a Supreme Living. Si applicano le seguenti spese di cancellazione:<\/p>\n\n<p>Cancellazione pi\u00f9 di 30 giorni prima della data di arrivo prevista: 10% dell&#8217;importo totale della locazione.<\/p>\n\n<p>Cancellazione tra i 30 e i 15 giorni prima della data di arrivo prevista: 50% del totale dell&#8217;affitto.<\/p>\n\n<p>Cancellazione meno di 15 giorni prima della data di arrivo prevista: 100% dell&#8217;importo totale della locazione.<\/p>\n\n<p>5.2 Supreme Living pu\u00f2 rescindere l&#8217;Accordo con effetto immediato se l&#8217;Utente non rispetta i suoi obblighi ai sensi dei presenti T&amp;C o se il comportamento dell&#8217;Utente \u00e8 di disturbo o rappresenta un rischio per la sicurezza o il benessere di altri residenti o dipendenti di Supreme Living.<\/p>\n\n<p>6. Responsabilit\u00e0:<\/p>\n\n<p>6.1 Supreme Living non sar\u00e0 responsabile di eventuali danni o perdite subiti dal Cliente, a meno che tali danni o perdite non siano causati da dolo o colpa grave di Supreme Living.<\/p>\n\n<p>6.2 Il Cliente \u00e8 responsabile di qualsiasi danno causato all&#8217;Appartamento o alle sue strutture durante il suo soggiorno e si impegna a risarcire Supreme Living per le riparazioni o le sostituzioni necessarie.<\/p>\n\n<p>6.3 Il locatore ha il diritto di accedere alla cucina, ai bagni, ai servizi igienici e al corridoio dell&#8217;appartamento in qualsiasi momento.<\/p>\n\n<p>6.4 Se sono stati concordati servizi di pulizia, sar\u00e0 responsabilit\u00e0 dell&#8217;inquilino assicurarsi che le persone che effettuano i lavori abbiano accesso all&#8217;appartamento e alle stanze. E questo negli orari in cui i lavoratori sono al lavoro.<\/p>\n\n<p>Se dovessero essere necessari lavori di riparazione e\/o manutenzione, l&#8217;inquilino dovr\u00e0 garantire che i dipendenti che eseguono i lavori abbiano accesso all&#8217;appartamento e alle stanze durante i lavori. L&#8217;inquilino \u00e8 responsabile dei danni derivanti da ritardi e mancanza di accesso.<\/p>\n\n<p>7. protezione dei dati:<\/p>\n\n<p>Supreme Living raccoglie ed elabora i dati personali in conformit\u00e0 alle leggi vigenti in materia di protezione dei dati. I dati personali del cliente saranno utilizzati solo ai fini dell&#8217;adempimento del contratto e non saranno trasmessi a terzi senza il consenso del cliente, a meno che ci\u00f2 non sia richiesto dalla legge.<\/p>\n\n<p>8 Legge applicabile e foro competente:<\/p>\n\n<p>Le presenti CGV e il rapporto contrattuale tra Supreme Living e il Cliente sono disciplinati dal diritto tedesco. Il foro competente esclusivo per tutte le controversie derivanti o connesse alle presenti CGV e al rapporto contrattuale \u00e8 Francoforte, Germania.<\/p>\n","protected":false},"excerpt":{"rendered":"<p>Supreme living &amp; working GmbH, di seguito denominata Supreme living, Condizioni generali di contratto (CGC): 1. ambito di applicazione: I presenti T&amp;C regolano il rapporto contrattuale tra Supreme Living e i suoi clienti (inquilini) in relazione alla fornitura di camere e appartamenti ammobiliati e ai servizi correlati. 2. conclusione del contratto:. 2.1 Il contratto tra &#8230;<\/p>\n","protected":false},"author":1,"featured_media":0,"parent":0,"menu_order":0,"comment_status":"closed","ping_status":"closed","template":"","meta":{"inline_featured_image":false,"footnotes":""},"class_list":["post-29945","page","type-page","status-publish","hentry"],"yoast_head":"<!-- This site is optimized with the Yoast SEO plugin v27.6 - https:\/\/yoast.com\/product\/yoast-seo-wordpress\/ -->\n<title>AGB &#187; Supreme Living Frankfurt<\/title>\n<meta name=\"description\" content=\"Supreme Living bietet stilvolle, voll m\u00f6blierte Apartments im Rhein-Main-Gebiet. Ideal f\u00fcr Wohnen auf Zeit, Gesch\u00e4ftsreisende und Pendler \u2013 erleben Sie Komfort und Flexibilit\u00e4t in exklusivem Ambiente.\" \/>\n<meta name=\"robots\" content=\"index, follow, max-snippet:-1, max-image-preview:large, max-video-preview:-1\" \/>\n<link rel=\"canonical\" href=\"https:\/\/supreme-living.de\/it\/agb\/\" \/>\n<meta property=\"og:locale\" content=\"it_IT\" \/>\n<meta property=\"og:type\" content=\"article\" \/>\n<meta property=\"og:title\" content=\"AGB &#187; Supreme Living Frankfurt\" \/>\n<meta property=\"og:description\" content=\"Supreme Living bietet stilvolle, voll m\u00f6blierte Apartments im Rhein-Main-Gebiet. Ideal f\u00fcr Wohnen auf Zeit, Gesch\u00e4ftsreisende und Pendler \u2013 erleben Sie Komfort und Flexibilit\u00e4t in exklusivem Ambiente.\" \/>\n<meta property=\"og:url\" content=\"https:\/\/supreme-living.de\/it\/agb\/\" \/>\n<meta property=\"og:site_name\" content=\"Supreme Living Frankfurt\" \/>\n<meta property=\"article:publisher\" content=\"https:\/\/www.facebook.com\/supremeliving.de\" \/>\n<meta property=\"article:modified_time\" content=\"2023-10-26T11:03:38+00:00\" \/>\n<meta property=\"og:image\" content=\"https:\/\/supreme-living.de\/wp-content\/uploads\/2025\/04\/supreme-living-frankfurt.jpg\" \/>\n\t<meta property=\"og:image:width\" content=\"1200\" \/>\n\t<meta property=\"og:image:height\" content=\"675\" \/>\n\t<meta property=\"og:image:type\" content=\"image\/jpeg\" \/>\n<meta name=\"twitter:card\" content=\"summary_large_image\" \/>\n<meta name=\"twitter:site\" content=\"@SupremeLivingde\" \/>\n<meta name=\"twitter:label1\" content=\"Tempo di lettura stimato\" \/>\n\t<meta name=\"twitter:data1\" content=\"5 minuti\" \/>\n<script type=\"application\/ld+json\" class=\"yoast-schema-graph\">{\"@context\":\"https:\\\/\\\/schema.org\",\"@graph\":[{\"@type\":\"WebPage\",\"@id\":\"https:\\\/\\\/supreme-living.de\\\/it\\\/agb\\\/\",\"url\":\"https:\\\/\\\/supreme-living.de\\\/it\\\/agb\\\/\",\"name\":\"AGB &#187; Supreme Living Frankfurt\",\"isPartOf\":{\"@id\":\"https:\\\/\\\/supreme-living.de\\\/it\\\/#website\"},\"datePublished\":\"2023-09-29T15:06:51+00:00\",\"dateModified\":\"2023-10-26T11:03:38+00:00\",\"description\":\"Supreme Living bietet stilvolle, voll m\u00f6blierte Apartments im Rhein-Main-Gebiet. Ideal f\u00fcr Wohnen auf Zeit, Gesch\u00e4ftsreisende und Pendler \u2013 erleben Sie Komfort und Flexibilit\u00e4t in exklusivem Ambiente.\",\"breadcrumb\":{\"@id\":\"https:\\\/\\\/supreme-living.de\\\/it\\\/agb\\\/#breadcrumb\"},\"inLanguage\":\"it-IT\",\"potentialAction\":[{\"@type\":\"ReadAction\",\"target\":[\"https:\\\/\\\/supreme-living.de\\\/it\\\/agb\\\/\"]}]},{\"@type\":\"BreadcrumbList\",\"@id\":\"https:\\\/\\\/supreme-living.de\\\/it\\\/agb\\\/#breadcrumb\",\"itemListElement\":[{\"@type\":\"ListItem\",\"position\":1,\"name\":\"Startseite\",\"item\":\"https:\\\/\\\/supreme-living.de\\\/it\\\/\"},{\"@type\":\"ListItem\",\"position\":2,\"name\":\"AGB\"}]},{\"@type\":\"WebSite\",\"@id\":\"https:\\\/\\\/supreme-living.de\\\/it\\\/#website\",\"url\":\"https:\\\/\\\/supreme-living.de\\\/it\\\/\",\"name\":\"Supreme living & working GmbH\",\"description\":\"...besser als Zuhause wohnen!\",\"publisher\":{\"@id\":\"https:\\\/\\\/supreme-living.de\\\/it\\\/#organization\"},\"potentialAction\":[{\"@type\":\"SearchAction\",\"target\":{\"@type\":\"EntryPoint\",\"urlTemplate\":\"https:\\\/\\\/supreme-living.de\\\/it\\\/?s={search_term_string}\"},\"query-input\":{\"@type\":\"PropertyValueSpecification\",\"valueRequired\":true,\"valueName\":\"search_term_string\"}}],\"inLanguage\":\"it-IT\"},{\"@type\":\"Organization\",\"@id\":\"https:\\\/\\\/supreme-living.de\\\/it\\\/#organization\",\"name\":\"Supreme living & working GmbH\",\"url\":\"https:\\\/\\\/supreme-living.de\\\/it\\\/\",\"logo\":{\"@type\":\"ImageObject\",\"inLanguage\":\"it-IT\",\"@id\":\"https:\\\/\\\/supreme-living.de\\\/it\\\/#\\\/schema\\\/logo\\\/image\\\/\",\"url\":\"https:\\\/\\\/supreme-living.de\\\/wp-content\\\/uploads\\\/2023\\\/09\\\/supreme-blue.logo_.png\",\"contentUrl\":\"https:\\\/\\\/supreme-living.de\\\/wp-content\\\/uploads\\\/2023\\\/09\\\/supreme-blue.logo_.png\",\"width\":1055,\"height\":694,\"caption\":\"Supreme living & working GmbH\"},\"image\":{\"@id\":\"https:\\\/\\\/supreme-living.de\\\/it\\\/#\\\/schema\\\/logo\\\/image\\\/\"},\"sameAs\":[\"https:\\\/\\\/www.facebook.com\\\/supremeliving.de\",\"https:\\\/\\\/x.com\\\/SupremeLivingde\",\"https:\\\/\\\/www.instagram.com\\\/supremelivingde\\\/\"]}]}<\/script>\n<!-- \/ Yoast SEO plugin. -->","yoast_head_json":{"title":"AGB &#187; Supreme Living Frankfurt","description":"Supreme Living bietet stilvolle, voll m\u00f6blierte Apartments im Rhein-Main-Gebiet. Ideal f\u00fcr Wohnen auf Zeit, Gesch\u00e4ftsreisende und Pendler \u2013 erleben Sie Komfort und Flexibilit\u00e4t in exklusivem Ambiente.","robots":{"index":"index","follow":"follow","max-snippet":"max-snippet:-1","max-image-preview":"max-image-preview:large","max-video-preview":"max-video-preview:-1"},"canonical":"https:\/\/supreme-living.de\/it\/agb\/","og_locale":"it_IT","og_type":"article","og_title":"AGB &#187; Supreme Living Frankfurt","og_description":"Supreme Living bietet stilvolle, voll m\u00f6blierte Apartments im Rhein-Main-Gebiet. Ideal f\u00fcr Wohnen auf Zeit, Gesch\u00e4ftsreisende und Pendler \u2013 erleben Sie Komfort und Flexibilit\u00e4t in exklusivem Ambiente.","og_url":"https:\/\/supreme-living.de\/it\/agb\/","og_site_name":"Supreme Living Frankfurt","article_publisher":"https:\/\/www.facebook.com\/supremeliving.de","article_modified_time":"2023-10-26T11:03:38+00:00","og_image":[{"width":1200,"height":675,"url":"https:\/\/supreme-living.de\/wp-content\/uploads\/2025\/04\/supreme-living-frankfurt.jpg","type":"image\/jpeg"}],"twitter_card":"summary_large_image","twitter_site":"@SupremeLivingde","twitter_misc":{"Tempo di lettura stimato":"5 minuti"},"schema":{"@context":"https:\/\/schema.org","@graph":[{"@type":"WebPage","@id":"https:\/\/supreme-living.de\/it\/agb\/","url":"https:\/\/supreme-living.de\/it\/agb\/","name":"AGB &#187; Supreme Living Frankfurt","isPartOf":{"@id":"https:\/\/supreme-living.de\/it\/#website"},"datePublished":"2023-09-29T15:06:51+00:00","dateModified":"2023-10-26T11:03:38+00:00","description":"Supreme Living bietet stilvolle, voll m\u00f6blierte Apartments im Rhein-Main-Gebiet. Ideal f\u00fcr Wohnen auf Zeit, Gesch\u00e4ftsreisende und Pendler \u2013 erleben Sie Komfort und Flexibilit\u00e4t in exklusivem Ambiente.","breadcrumb":{"@id":"https:\/\/supreme-living.de\/it\/agb\/#breadcrumb"},"inLanguage":"it-IT","potentialAction":[{"@type":"ReadAction","target":["https:\/\/supreme-living.de\/it\/agb\/"]}]},{"@type":"BreadcrumbList","@id":"https:\/\/supreme-living.de\/it\/agb\/#breadcrumb","itemListElement":[{"@type":"ListItem","position":1,"name":"Startseite","item":"https:\/\/supreme-living.de\/it\/"},{"@type":"ListItem","position":2,"name":"AGB"}]},{"@type":"WebSite","@id":"https:\/\/supreme-living.de\/it\/#website","url":"https:\/\/supreme-living.de\/it\/","name":"Supreme living & working GmbH","description":"...besser als Zuhause wohnen!","publisher":{"@id":"https:\/\/supreme-living.de\/it\/#organization"},"potentialAction":[{"@type":"SearchAction","target":{"@type":"EntryPoint","urlTemplate":"https:\/\/supreme-living.de\/it\/?s={search_term_string}"},"query-input":{"@type":"PropertyValueSpecification","valueRequired":true,"valueName":"search_term_string"}}],"inLanguage":"it-IT"},{"@type":"Organization","@id":"https:\/\/supreme-living.de\/it\/#organization","name":"Supreme living & working GmbH","url":"https:\/\/supreme-living.de\/it\/","logo":{"@type":"ImageObject","inLanguage":"it-IT","@id":"https:\/\/supreme-living.de\/it\/#\/schema\/logo\/image\/","url":"https:\/\/supreme-living.de\/wp-content\/uploads\/2023\/09\/supreme-blue.logo_.png","contentUrl":"https:\/\/supreme-living.de\/wp-content\/uploads\/2023\/09\/supreme-blue.logo_.png","width":1055,"height":694,"caption":"Supreme living & working GmbH"},"image":{"@id":"https:\/\/supreme-living.de\/it\/#\/schema\/logo\/image\/"},"sameAs":["https:\/\/www.facebook.com\/supremeliving.de","https:\/\/x.com\/SupremeLivingde","https:\/\/www.instagram.com\/supremelivingde\/"]}]}},"_links":{"self":[{"href":"https:\/\/supreme-living.de\/it\/wp-json\/wp\/v2\/pages\/29945","targetHints":{"allow":["GET"]}}],"collection":[{"href":"https:\/\/supreme-living.de\/it\/wp-json\/wp\/v2\/pages"}],"about":[{"href":"https:\/\/supreme-living.de\/it\/wp-json\/wp\/v2\/types\/page"}],"author":[{"embeddable":true,"href":"https:\/\/supreme-living.de\/it\/wp-json\/wp\/v2\/users\/1"}],"replies":[{"embeddable":true,"href":"https:\/\/supreme-living.de\/it\/wp-json\/wp\/v2\/comments?post=29945"}],"version-history":[{"count":0,"href":"https:\/\/supreme-living.de\/it\/wp-json\/wp\/v2\/pages\/29945\/revisions"}],"wp:attachment":[{"href":"https:\/\/supreme-living.de\/it\/wp-json\/wp\/v2\/media?parent=29945"}],"curies":[{"name":"wp","href":"https:\/\/api.w.org\/{rel}","templated":true}]}}