{"id":30632,"date":"2018-05-11T15:06:44","date_gmt":"2018-05-11T13:06:44","guid":{"rendered":"https:\/\/supreme-living.de\/article-en-vedette\/"},"modified":"2023-10-26T13:17:17","modified_gmt":"2023-10-26T11:17:17","slug":"article-en-vedette","status":"publish","type":"page","link":"https:\/\/supreme-living.de\/fr\/article-en-vedette\/","title":{"rendered":"Article en vedette"},"content":{"rendered":"<p>[vc_row css=\u00a0\u00bb.vc_custom_1526051299742{margin-bottom: 30px !important;}\u00a0\u00bb][vc_column][vc_column_text]<\/p>\n<h2 style=\"text-align: center; font-size: 24px;\">Article en vedette V1<\/h2>\n<p>[\/vc_column_text][\/vc_column][\/vc_row][vc_row css=\u00a0\u00bb.vc_custom_1526051345123{margin-bottom: 90px !important;}\u00a0\u00bb][vc_column width=\u00a0\u00bb1\/2&Prime;][\/vc_column][vc_column width=\u00a0\u00bb1\/2&Prime;][\/vc_column][\/vc_row][vc_row css=\u00a0\u00bb.vc_custom_1526051299742{margin-bottom: 30px !important;}\u00a0\u00bb][vc_column][vc_column_text]<\/p>\n<h2 style=\"text-align: center; font-size: 24px;\">Article en vedette V2<\/h2>\n<p>[\/vc_column_text][\/vc_column][\/vc_row][vc_row css=\u00a0\u00bb.vc_custom_1526051350394{margin-bottom: 90px !important;}\u00a0\u00bb][vc_column width=\u00a0\u00bb1\/2&Prime;][\/vc_column][vc_column width=\u00a0\u00bb1\/2&Prime;][\/vc_column][\/vc_row][vc_row css=\u00a0\u00bb.vc_custom_1526051299742{margin-bottom: 30px !important;}\u00a0\u00bb][vc_column][vc_column_text]<\/p>\n<h2 style=\"text-align: center; font-size: 24px;\">Article en vedette V3<\/h2>\n<p>[\/vc_column_text][\/vc_column][\/vc_row][vc_row full_width=\u00a0\u00bbstretch_row_content_no_spaces\u00a0\u00bb css=\u00a0\u00bb.vc_custom_1526051266193{margin-bottom: 60px !important;}\u00a0\u00bb][vc_column]<div class=\"featured_article_type2\">\n                       <div class=\"featured_img_type2\" style=\"background-image:url()\">\n                            <div class=\"featured_article_type2_cover\">\n                            <\/div>\n                            <div class=\"featured_article_type2_title_wrapper\">\n                                <div class=\"featured_article_label\">Article vedette<\/div>\n                                <a href=\"\"><h2><\/h2><\/a>\n                                <div class=\"featured_read_more\"><a href=\"\">lire la suite<\/a> <i class=\"fas fa-chevron-right\"><\/i><\/div>\n                            <\/div>\n                        <\/div>\n                    <\/div>[\/vc_column][\/vc_row]<\/p>\n","protected":false},"excerpt":{"rendered":"<p>[vc_row css=\u00a0\u00bb.vc_custom_1526051299742{margin-bottom: 30px !important;}\u00a0\u00bb][vc_column][vc_column_text] Article en vedette V1 [\/vc_column_text][\/vc_column][\/vc_row][vc_row css=\u00a0\u00bb.vc_custom_1526051345123{margin-bottom: 90px !important;}\u00a0\u00bb][vc_column width=\u00a0\u00bb1\/2&Prime;][\/vc_column][vc_column width=\u00a0\u00bb1\/2&Prime;][\/vc_column][\/vc_row][vc_row css=\u00a0\u00bb.vc_custom_1526051299742{margin-bottom: 30px !important;}\u00a0\u00bb][vc_column][vc_column_text] Article en vedette V2 [\/vc_column_text][\/vc_column][\/vc_row][vc_row css=\u00a0\u00bb.vc_custom_1526051350394{margin-bottom: 90px !important;}\u00a0\u00bb][vc_column width=\u00a0\u00bb1\/2&Prime;][\/vc_column][vc_column width=\u00a0\u00bb1\/2&Prime;][\/vc_column][\/vc_row][vc_row css=\u00a0\u00bb.vc_custom_1526051299742{margin-bottom: 30px !important;}\u00a0\u00bb][vc_column][vc_column_text] Article en vedette V3 [\/vc_column_text][\/vc_column][\/vc_row][vc_row full_width=\u00a0\u00bbstretch_row_content_no_spaces\u00a0\u00bb css=\u00a0\u00bb.vc_custom_1526051266193{margin-bottom: 60px !important;}\u00a0\u00bb][vc_column][\/vc_column][\/vc_row]<\/p>\n","protected":false},"author":1,"featured_media":0,"parent":0,"menu_order":0,"comment_status":"closed","ping_status":"closed","template":"","meta":{"inline_featured_image":false,"footnotes":""},"class_list":["post-30632","page","type-page","status-publish","hentry"],"yoast_head":"<!-- This site is optimized with the Yoast SEO plugin v27.5 - https:\/\/yoast.com\/product\/yoast-seo-wordpress\/ -->\n<title>Article en vedette &#187; Supreme Living Frankfurt<\/title>\n<meta name=\"description\" content=\"Supreme Living bietet stilvolle, voll m\u00f6blierte Apartments im Rhein-Main-Gebiet. Ideal f\u00fcr Wohnen auf Zeit, Gesch\u00e4ftsreisende und Pendler \u2013 erleben Sie Komfort und Flexibilit\u00e4t in exklusivem Ambiente.\" \/>\n<meta name=\"robots\" content=\"index, follow, max-snippet:-1, max-image-preview:large, max-video-preview:-1\" \/>\n<link rel=\"canonical\" href=\"https:\/\/supreme-living.de\/fr\/article-en-vedette\/\" \/>\n<meta property=\"og:locale\" content=\"fr_FR\" \/>\n<meta property=\"og:type\" content=\"article\" \/>\n<meta property=\"og:title\" content=\"Article en vedette &#187; Supreme Living Frankfurt\" \/>\n<meta property=\"og:description\" content=\"Supreme Living bietet stilvolle, voll m\u00f6blierte Apartments im Rhein-Main-Gebiet. Ideal f\u00fcr Wohnen auf Zeit, Gesch\u00e4ftsreisende und Pendler \u2013 erleben Sie Komfort und Flexibilit\u00e4t in exklusivem Ambiente.\" \/>\n<meta property=\"og:url\" content=\"https:\/\/supreme-living.de\/fr\/article-en-vedette\/\" \/>\n<meta property=\"og:site_name\" content=\"Supreme Living Frankfurt\" \/>\n<meta property=\"article:publisher\" content=\"https:\/\/www.facebook.com\/supremeliving.de\" \/>\n<meta property=\"article:modified_time\" content=\"2023-10-26T11:17:17+00:00\" \/>\n<meta property=\"og:image\" content=\"https:\/\/supreme-living.de\/wp-content\/uploads\/2025\/04\/supreme-living-frankfurt.jpg\" \/>\n\t<meta property=\"og:image:width\" content=\"1200\" \/>\n\t<meta property=\"og:image:height\" content=\"675\" \/>\n\t<meta property=\"og:image:type\" content=\"image\/jpeg\" \/>\n<meta name=\"twitter:card\" content=\"summary_large_image\" \/>\n<meta name=\"twitter:site\" content=\"@SupremeLivingde\" \/>\n<meta name=\"twitter:label1\" content=\"Dur\u00e9e de lecture estim\u00e9e\" \/>\n\t<meta name=\"twitter:data1\" content=\"1 minute\" \/>\n<script type=\"application\/ld+json\" class=\"yoast-schema-graph\">{\"@context\":\"https:\\\/\\\/schema.org\",\"@graph\":[{\"@type\":\"WebPage\",\"@id\":\"https:\\\/\\\/supreme-living.de\\\/fr\\\/article-en-vedette\\\/\",\"url\":\"https:\\\/\\\/supreme-living.de\\\/fr\\\/article-en-vedette\\\/\",\"name\":\"Article en vedette &#187; Supreme Living Frankfurt\",\"isPartOf\":{\"@id\":\"https:\\\/\\\/supreme-living.de\\\/fr\\\/#website\"},\"datePublished\":\"2018-05-11T13:06:44+00:00\",\"dateModified\":\"2023-10-26T11:17:17+00:00\",\"description\":\"Supreme Living bietet stilvolle, voll m\u00f6blierte Apartments im Rhein-Main-Gebiet. Ideal f\u00fcr Wohnen auf Zeit, Gesch\u00e4ftsreisende und Pendler \u2013 erleben Sie Komfort und Flexibilit\u00e4t in exklusivem Ambiente.\",\"breadcrumb\":{\"@id\":\"https:\\\/\\\/supreme-living.de\\\/fr\\\/article-en-vedette\\\/#breadcrumb\"},\"inLanguage\":\"fr-FR\",\"potentialAction\":[{\"@type\":\"ReadAction\",\"target\":[\"https:\\\/\\\/supreme-living.de\\\/fr\\\/article-en-vedette\\\/\"]}]},{\"@type\":\"BreadcrumbList\",\"@id\":\"https:\\\/\\\/supreme-living.de\\\/fr\\\/article-en-vedette\\\/#breadcrumb\",\"itemListElement\":[{\"@type\":\"ListItem\",\"position\":1,\"name\":\"Startseite\",\"item\":\"https:\\\/\\\/supreme-living.de\\\/fr\\\/\"},{\"@type\":\"ListItem\",\"position\":2,\"name\":\"Article en vedette\"}]},{\"@type\":\"WebSite\",\"@id\":\"https:\\\/\\\/supreme-living.de\\\/fr\\\/#website\",\"url\":\"https:\\\/\\\/supreme-living.de\\\/fr\\\/\",\"name\":\"Supreme living & working GmbH\",\"description\":\"...besser als Zuhause wohnen!\",\"publisher\":{\"@id\":\"https:\\\/\\\/supreme-living.de\\\/fr\\\/#organization\"},\"potentialAction\":[{\"@type\":\"SearchAction\",\"target\":{\"@type\":\"EntryPoint\",\"urlTemplate\":\"https:\\\/\\\/supreme-living.de\\\/fr\\\/?s={search_term_string}\"},\"query-input\":{\"@type\":\"PropertyValueSpecification\",\"valueRequired\":true,\"valueName\":\"search_term_string\"}}],\"inLanguage\":\"fr-FR\"},{\"@type\":\"Organization\",\"@id\":\"https:\\\/\\\/supreme-living.de\\\/fr\\\/#organization\",\"name\":\"Supreme living & working GmbH\",\"url\":\"https:\\\/\\\/supreme-living.de\\\/fr\\\/\",\"logo\":{\"@type\":\"ImageObject\",\"inLanguage\":\"fr-FR\",\"@id\":\"https:\\\/\\\/supreme-living.de\\\/fr\\\/#\\\/schema\\\/logo\\\/image\\\/\",\"url\":\"https:\\\/\\\/supreme-living.de\\\/wp-content\\\/uploads\\\/2023\\\/09\\\/supreme-blue.logo_.png\",\"contentUrl\":\"https:\\\/\\\/supreme-living.de\\\/wp-content\\\/uploads\\\/2023\\\/09\\\/supreme-blue.logo_.png\",\"width\":1055,\"height\":694,\"caption\":\"Supreme living & working GmbH\"},\"image\":{\"@id\":\"https:\\\/\\\/supreme-living.de\\\/fr\\\/#\\\/schema\\\/logo\\\/image\\\/\"},\"sameAs\":[\"https:\\\/\\\/www.facebook.com\\\/supremeliving.de\",\"https:\\\/\\\/x.com\\\/SupremeLivingde\",\"https:\\\/\\\/www.instagram.com\\\/supremelivingde\\\/\"]}]}<\/script>\n<!-- \/ Yoast SEO plugin. -->","yoast_head_json":{"title":"Article en vedette &#187; Supreme Living Frankfurt","description":"Supreme Living bietet stilvolle, voll m\u00f6blierte Apartments im Rhein-Main-Gebiet. Ideal f\u00fcr Wohnen auf Zeit, Gesch\u00e4ftsreisende und Pendler \u2013 erleben Sie Komfort und Flexibilit\u00e4t in exklusivem Ambiente.","robots":{"index":"index","follow":"follow","max-snippet":"max-snippet:-1","max-image-preview":"max-image-preview:large","max-video-preview":"max-video-preview:-1"},"canonical":"https:\/\/supreme-living.de\/fr\/article-en-vedette\/","og_locale":"fr_FR","og_type":"article","og_title":"Article en vedette &#187; Supreme Living Frankfurt","og_description":"Supreme Living bietet stilvolle, voll m\u00f6blierte Apartments im Rhein-Main-Gebiet. Ideal f\u00fcr Wohnen auf Zeit, Gesch\u00e4ftsreisende und Pendler \u2013 erleben Sie Komfort und Flexibilit\u00e4t in exklusivem Ambiente.","og_url":"https:\/\/supreme-living.de\/fr\/article-en-vedette\/","og_site_name":"Supreme Living Frankfurt","article_publisher":"https:\/\/www.facebook.com\/supremeliving.de","article_modified_time":"2023-10-26T11:17:17+00:00","og_image":[{"width":1200,"height":675,"url":"https:\/\/supreme-living.de\/wp-content\/uploads\/2025\/04\/supreme-living-frankfurt.jpg","type":"image\/jpeg"}],"twitter_card":"summary_large_image","twitter_site":"@SupremeLivingde","twitter_misc":{"Dur\u00e9e de lecture estim\u00e9e":"1 minute"},"schema":{"@context":"https:\/\/schema.org","@graph":[{"@type":"WebPage","@id":"https:\/\/supreme-living.de\/fr\/article-en-vedette\/","url":"https:\/\/supreme-living.de\/fr\/article-en-vedette\/","name":"Article en vedette &#187; Supreme Living Frankfurt","isPartOf":{"@id":"https:\/\/supreme-living.de\/fr\/#website"},"datePublished":"2018-05-11T13:06:44+00:00","dateModified":"2023-10-26T11:17:17+00:00","description":"Supreme Living bietet stilvolle, voll m\u00f6blierte Apartments im Rhein-Main-Gebiet. Ideal f\u00fcr Wohnen auf Zeit, Gesch\u00e4ftsreisende und Pendler \u2013 erleben Sie Komfort und Flexibilit\u00e4t in exklusivem Ambiente.","breadcrumb":{"@id":"https:\/\/supreme-living.de\/fr\/article-en-vedette\/#breadcrumb"},"inLanguage":"fr-FR","potentialAction":[{"@type":"ReadAction","target":["https:\/\/supreme-living.de\/fr\/article-en-vedette\/"]}]},{"@type":"BreadcrumbList","@id":"https:\/\/supreme-living.de\/fr\/article-en-vedette\/#breadcrumb","itemListElement":[{"@type":"ListItem","position":1,"name":"Startseite","item":"https:\/\/supreme-living.de\/fr\/"},{"@type":"ListItem","position":2,"name":"Article en vedette"}]},{"@type":"WebSite","@id":"https:\/\/supreme-living.de\/fr\/#website","url":"https:\/\/supreme-living.de\/fr\/","name":"Supreme living & working GmbH","description":"...besser als Zuhause wohnen!","publisher":{"@id":"https:\/\/supreme-living.de\/fr\/#organization"},"potentialAction":[{"@type":"SearchAction","target":{"@type":"EntryPoint","urlTemplate":"https:\/\/supreme-living.de\/fr\/?s={search_term_string}"},"query-input":{"@type":"PropertyValueSpecification","valueRequired":true,"valueName":"search_term_string"}}],"inLanguage":"fr-FR"},{"@type":"Organization","@id":"https:\/\/supreme-living.de\/fr\/#organization","name":"Supreme living & working GmbH","url":"https:\/\/supreme-living.de\/fr\/","logo":{"@type":"ImageObject","inLanguage":"fr-FR","@id":"https:\/\/supreme-living.de\/fr\/#\/schema\/logo\/image\/","url":"https:\/\/supreme-living.de\/wp-content\/uploads\/2023\/09\/supreme-blue.logo_.png","contentUrl":"https:\/\/supreme-living.de\/wp-content\/uploads\/2023\/09\/supreme-blue.logo_.png","width":1055,"height":694,"caption":"Supreme living & working GmbH"},"image":{"@id":"https:\/\/supreme-living.de\/fr\/#\/schema\/logo\/image\/"},"sameAs":["https:\/\/www.facebook.com\/supremeliving.de","https:\/\/x.com\/SupremeLivingde","https:\/\/www.instagram.com\/supremelivingde\/"]}]}},"_links":{"self":[{"href":"https:\/\/supreme-living.de\/fr\/wp-json\/wp\/v2\/pages\/30632","targetHints":{"allow":["GET"]}}],"collection":[{"href":"https:\/\/supreme-living.de\/fr\/wp-json\/wp\/v2\/pages"}],"about":[{"href":"https:\/\/supreme-living.de\/fr\/wp-json\/wp\/v2\/types\/page"}],"author":[{"embeddable":true,"href":"https:\/\/supreme-living.de\/fr\/wp-json\/wp\/v2\/users\/1"}],"replies":[{"embeddable":true,"href":"https:\/\/supreme-living.de\/fr\/wp-json\/wp\/v2\/comments?post=30632"}],"version-history":[{"count":0,"href":"https:\/\/supreme-living.de\/fr\/wp-json\/wp\/v2\/pages\/30632\/revisions"}],"wp:attachment":[{"href":"https:\/\/supreme-living.de\/fr\/wp-json\/wp\/v2\/media?parent=30632"}],"curies":[{"name":"wp","href":"https:\/\/api.w.org\/{rel}","templated":true}]}}