{"id":30509,"date":"2015-08-19T14:16:57","date_gmt":"2015-08-19T12:16:57","guid":{"rendered":"https:\/\/supreme-living.de\/presentation-de-new-york\/"},"modified":"2015-08-19T14:16:57","modified_gmt":"2015-08-19T12:16:57","slug":"presentation-de-new-york","status":"publish","type":"page","link":"https:\/\/supreme-living.de\/fr\/presentation-de-new-york\/","title":{"rendered":"Pr\u00e9sentation de New York"},"content":{"rendered":"<h1>\u00c0 propos de New York<\/h1>\n<p>La distribution des changements dans la croissance de la population est in\u00e9gale dans l&rsquo;\u00c9tat de New York ; la zone m\u00e9tropolitaine de la ville de New York conna\u00eet une croissance consid\u00e9rable, de m\u00eame que le comt\u00e9 de Saratoga ; tandis que la majeure partie de l&rsquo;ouest de l&rsquo;\u00c9tat de New York est quasiment stagnante. Selon les statistiques de l&rsquo;immigration, l&rsquo;\u00c9tat est un des principaux pourvoyeurs de migrants en provenance du monde entier. Entre 2000 et 2005, l&rsquo;immigration n&rsquo;a pas r\u00e9ussi \u00e0 d\u00e9passer l&rsquo;\u00e9migration, une tendance qui s&rsquo;est invers\u00e9e depuis 2006. L&rsquo;\u00c9tat de New York a perdu deux si\u00e8ges \u00e0 la Chambre des repr\u00e9sentants lors du renouvellement du Congr\u00e8s en 2011, en raison d&rsquo;une croissance relativement lente par rapport au reste des \u00c9tats-Unis. En 2000 et 2005, plus de personnes se sont d\u00e9plac\u00e9es de New York \u00e0 la Floride que d&rsquo;un \u00c9tat \u00e0 l&rsquo;autre.[65]  Cependant, l&rsquo;\u00c9tat de New York a la deuxi\u00e8me plus grande population d&rsquo;immigr\u00e9s internationaux du pays parmi les \u00c9tats am\u00e9ricains, \u00e0 4,2 millions en 2008 ; la plupart r\u00e9sident dans et autour de la ville de New York, en raison de sa taille, de son profil \u00e9lev\u00e9, de son \u00e9conomie vibrante et de sa culture cosmopolite.<\/p>\n","protected":false},"excerpt":{"rendered":"<p>\u00c0 propos de New York La distribution des changements dans la croissance de la population est in\u00e9gale dans l&rsquo;\u00c9tat de New York ; la zone m\u00e9tropolitaine de la ville de New York conna\u00eet une croissance consid\u00e9rable, de m\u00eame que le comt\u00e9 de Saratoga ; tandis que la majeure partie de l&rsquo;ouest de l&rsquo;\u00c9tat de New &#8230;<\/p>\n","protected":false},"author":1,"featured_media":0,"parent":0,"menu_order":0,"comment_status":"open","ping_status":"open","template":"","meta":{"inline_featured_image":false,"footnotes":""},"class_list":["post-30509","page","type-page","status-publish","hentry"],"yoast_head":"<!-- This site is optimized with the Yoast SEO plugin v27.4 - https:\/\/yoast.com\/product\/yoast-seo-wordpress\/ -->\n<title>Pr\u00e9sentation de New York &#187; Supreme Living Frankfurt<\/title>\n<meta name=\"description\" content=\"Supreme Living bietet stilvolle, voll m\u00f6blierte Apartments im Rhein-Main-Gebiet. Ideal f\u00fcr Wohnen auf Zeit, Gesch\u00e4ftsreisende und Pendler \u2013 erleben Sie Komfort und Flexibilit\u00e4t in exklusivem Ambiente.\" \/>\n<meta name=\"robots\" content=\"index, follow, max-snippet:-1, max-image-preview:large, max-video-preview:-1\" \/>\n<link rel=\"canonical\" href=\"https:\/\/supreme-living.de\/fr\/presentation-de-new-york\/\" \/>\n<meta property=\"og:locale\" content=\"fr_FR\" \/>\n<meta property=\"og:type\" content=\"article\" \/>\n<meta property=\"og:title\" content=\"Pr\u00e9sentation de New York &#187; Supreme Living Frankfurt\" \/>\n<meta property=\"og:description\" content=\"Supreme Living bietet stilvolle, voll m\u00f6blierte Apartments im Rhein-Main-Gebiet. Ideal f\u00fcr Wohnen auf Zeit, Gesch\u00e4ftsreisende und Pendler \u2013 erleben Sie Komfort und Flexibilit\u00e4t in exklusivem Ambiente.\" \/>\n<meta property=\"og:url\" content=\"https:\/\/supreme-living.de\/fr\/presentation-de-new-york\/\" \/>\n<meta property=\"og:site_name\" content=\"Supreme Living Frankfurt\" \/>\n<meta property=\"article:publisher\" content=\"https:\/\/www.facebook.com\/supremeliving.de\" \/>\n<meta property=\"og:image\" content=\"https:\/\/supreme-living.de\/wp-content\/uploads\/2025\/04\/supreme-living-frankfurt.jpg\" \/>\n\t<meta property=\"og:image:width\" content=\"1200\" \/>\n\t<meta property=\"og:image:height\" content=\"675\" \/>\n\t<meta property=\"og:image:type\" content=\"image\/jpeg\" \/>\n<meta name=\"twitter:card\" content=\"summary_large_image\" \/>\n<meta name=\"twitter:site\" content=\"@SupremeLivingde\" \/>\n<meta name=\"twitter:label1\" content=\"Dur\u00e9e de lecture estim\u00e9e\" \/>\n\t<meta name=\"twitter:data1\" content=\"1 minute\" \/>\n<script type=\"application\/ld+json\" class=\"yoast-schema-graph\">{\"@context\":\"https:\\\/\\\/schema.org\",\"@graph\":[{\"@type\":\"WebPage\",\"@id\":\"https:\\\/\\\/supreme-living.de\\\/fr\\\/presentation-de-new-york\\\/\",\"url\":\"https:\\\/\\\/supreme-living.de\\\/fr\\\/presentation-de-new-york\\\/\",\"name\":\"Pr\u00e9sentation de New York &#187; Supreme Living Frankfurt\",\"isPartOf\":{\"@id\":\"https:\\\/\\\/supreme-living.de\\\/fr\\\/#website\"},\"datePublished\":\"2015-08-19T12:16:57+00:00\",\"description\":\"Supreme Living bietet stilvolle, voll m\u00f6blierte Apartments im Rhein-Main-Gebiet. Ideal f\u00fcr Wohnen auf Zeit, Gesch\u00e4ftsreisende und Pendler \u2013 erleben Sie Komfort und Flexibilit\u00e4t in exklusivem Ambiente.\",\"breadcrumb\":{\"@id\":\"https:\\\/\\\/supreme-living.de\\\/fr\\\/presentation-de-new-york\\\/#breadcrumb\"},\"inLanguage\":\"fr-FR\",\"potentialAction\":[{\"@type\":\"ReadAction\",\"target\":[\"https:\\\/\\\/supreme-living.de\\\/fr\\\/presentation-de-new-york\\\/\"]}]},{\"@type\":\"BreadcrumbList\",\"@id\":\"https:\\\/\\\/supreme-living.de\\\/fr\\\/presentation-de-new-york\\\/#breadcrumb\",\"itemListElement\":[{\"@type\":\"ListItem\",\"position\":1,\"name\":\"Startseite\",\"item\":\"https:\\\/\\\/supreme-living.de\\\/fr\\\/\"},{\"@type\":\"ListItem\",\"position\":2,\"name\":\"Pr\u00e9sentation de New York\"}]},{\"@type\":\"WebSite\",\"@id\":\"https:\\\/\\\/supreme-living.de\\\/fr\\\/#website\",\"url\":\"https:\\\/\\\/supreme-living.de\\\/fr\\\/\",\"name\":\"Supreme living & working GmbH\",\"description\":\"...besser als Zuhause wohnen!\",\"publisher\":{\"@id\":\"https:\\\/\\\/supreme-living.de\\\/fr\\\/#organization\"},\"potentialAction\":[{\"@type\":\"SearchAction\",\"target\":{\"@type\":\"EntryPoint\",\"urlTemplate\":\"https:\\\/\\\/supreme-living.de\\\/fr\\\/?s={search_term_string}\"},\"query-input\":{\"@type\":\"PropertyValueSpecification\",\"valueRequired\":true,\"valueName\":\"search_term_string\"}}],\"inLanguage\":\"fr-FR\"},{\"@type\":\"Organization\",\"@id\":\"https:\\\/\\\/supreme-living.de\\\/fr\\\/#organization\",\"name\":\"Supreme living & working GmbH\",\"url\":\"https:\\\/\\\/supreme-living.de\\\/fr\\\/\",\"logo\":{\"@type\":\"ImageObject\",\"inLanguage\":\"fr-FR\",\"@id\":\"https:\\\/\\\/supreme-living.de\\\/fr\\\/#\\\/schema\\\/logo\\\/image\\\/\",\"url\":\"https:\\\/\\\/supreme-living.de\\\/wp-content\\\/uploads\\\/2023\\\/09\\\/supreme-blue.logo_.png\",\"contentUrl\":\"https:\\\/\\\/supreme-living.de\\\/wp-content\\\/uploads\\\/2023\\\/09\\\/supreme-blue.logo_.png\",\"width\":1055,\"height\":694,\"caption\":\"Supreme living & working GmbH\"},\"image\":{\"@id\":\"https:\\\/\\\/supreme-living.de\\\/fr\\\/#\\\/schema\\\/logo\\\/image\\\/\"},\"sameAs\":[\"https:\\\/\\\/www.facebook.com\\\/supremeliving.de\",\"https:\\\/\\\/x.com\\\/SupremeLivingde\",\"https:\\\/\\\/www.instagram.com\\\/supremelivingde\\\/\"]}]}<\/script>\n<!-- \/ Yoast SEO plugin. -->","yoast_head_json":{"title":"Pr\u00e9sentation de New York &#187; Supreme Living Frankfurt","description":"Supreme Living bietet stilvolle, voll m\u00f6blierte Apartments im Rhein-Main-Gebiet. Ideal f\u00fcr Wohnen auf Zeit, Gesch\u00e4ftsreisende und Pendler \u2013 erleben Sie Komfort und Flexibilit\u00e4t in exklusivem Ambiente.","robots":{"index":"index","follow":"follow","max-snippet":"max-snippet:-1","max-image-preview":"max-image-preview:large","max-video-preview":"max-video-preview:-1"},"canonical":"https:\/\/supreme-living.de\/fr\/presentation-de-new-york\/","og_locale":"fr_FR","og_type":"article","og_title":"Pr\u00e9sentation de New York &#187; Supreme Living Frankfurt","og_description":"Supreme Living bietet stilvolle, voll m\u00f6blierte Apartments im Rhein-Main-Gebiet. Ideal f\u00fcr Wohnen auf Zeit, Gesch\u00e4ftsreisende und Pendler \u2013 erleben Sie Komfort und Flexibilit\u00e4t in exklusivem Ambiente.","og_url":"https:\/\/supreme-living.de\/fr\/presentation-de-new-york\/","og_site_name":"Supreme Living Frankfurt","article_publisher":"https:\/\/www.facebook.com\/supremeliving.de","og_image":[{"width":1200,"height":675,"url":"https:\/\/supreme-living.de\/wp-content\/uploads\/2025\/04\/supreme-living-frankfurt.jpg","type":"image\/jpeg"}],"twitter_card":"summary_large_image","twitter_site":"@SupremeLivingde","twitter_misc":{"Dur\u00e9e de lecture estim\u00e9e":"1 minute"},"schema":{"@context":"https:\/\/schema.org","@graph":[{"@type":"WebPage","@id":"https:\/\/supreme-living.de\/fr\/presentation-de-new-york\/","url":"https:\/\/supreme-living.de\/fr\/presentation-de-new-york\/","name":"Pr\u00e9sentation de New York &#187; Supreme Living Frankfurt","isPartOf":{"@id":"https:\/\/supreme-living.de\/fr\/#website"},"datePublished":"2015-08-19T12:16:57+00:00","description":"Supreme Living bietet stilvolle, voll m\u00f6blierte Apartments im Rhein-Main-Gebiet. Ideal f\u00fcr Wohnen auf Zeit, Gesch\u00e4ftsreisende und Pendler \u2013 erleben Sie Komfort und Flexibilit\u00e4t in exklusivem Ambiente.","breadcrumb":{"@id":"https:\/\/supreme-living.de\/fr\/presentation-de-new-york\/#breadcrumb"},"inLanguage":"fr-FR","potentialAction":[{"@type":"ReadAction","target":["https:\/\/supreme-living.de\/fr\/presentation-de-new-york\/"]}]},{"@type":"BreadcrumbList","@id":"https:\/\/supreme-living.de\/fr\/presentation-de-new-york\/#breadcrumb","itemListElement":[{"@type":"ListItem","position":1,"name":"Startseite","item":"https:\/\/supreme-living.de\/fr\/"},{"@type":"ListItem","position":2,"name":"Pr\u00e9sentation de New York"}]},{"@type":"WebSite","@id":"https:\/\/supreme-living.de\/fr\/#website","url":"https:\/\/supreme-living.de\/fr\/","name":"Supreme living & working GmbH","description":"...besser als Zuhause wohnen!","publisher":{"@id":"https:\/\/supreme-living.de\/fr\/#organization"},"potentialAction":[{"@type":"SearchAction","target":{"@type":"EntryPoint","urlTemplate":"https:\/\/supreme-living.de\/fr\/?s={search_term_string}"},"query-input":{"@type":"PropertyValueSpecification","valueRequired":true,"valueName":"search_term_string"}}],"inLanguage":"fr-FR"},{"@type":"Organization","@id":"https:\/\/supreme-living.de\/fr\/#organization","name":"Supreme living & working GmbH","url":"https:\/\/supreme-living.de\/fr\/","logo":{"@type":"ImageObject","inLanguage":"fr-FR","@id":"https:\/\/supreme-living.de\/fr\/#\/schema\/logo\/image\/","url":"https:\/\/supreme-living.de\/wp-content\/uploads\/2023\/09\/supreme-blue.logo_.png","contentUrl":"https:\/\/supreme-living.de\/wp-content\/uploads\/2023\/09\/supreme-blue.logo_.png","width":1055,"height":694,"caption":"Supreme living & working GmbH"},"image":{"@id":"https:\/\/supreme-living.de\/fr\/#\/schema\/logo\/image\/"},"sameAs":["https:\/\/www.facebook.com\/supremeliving.de","https:\/\/x.com\/SupremeLivingde","https:\/\/www.instagram.com\/supremelivingde\/"]}]}},"_links":{"self":[{"href":"https:\/\/supreme-living.de\/fr\/wp-json\/wp\/v2\/pages\/30509","targetHints":{"allow":["GET"]}}],"collection":[{"href":"https:\/\/supreme-living.de\/fr\/wp-json\/wp\/v2\/pages"}],"about":[{"href":"https:\/\/supreme-living.de\/fr\/wp-json\/wp\/v2\/types\/page"}],"author":[{"embeddable":true,"href":"https:\/\/supreme-living.de\/fr\/wp-json\/wp\/v2\/users\/1"}],"replies":[{"embeddable":true,"href":"https:\/\/supreme-living.de\/fr\/wp-json\/wp\/v2\/comments?post=30509"}],"version-history":[{"count":0,"href":"https:\/\/supreme-living.de\/fr\/wp-json\/wp\/v2\/pages\/30509\/revisions"}],"wp:attachment":[{"href":"https:\/\/supreme-living.de\/fr\/wp-json\/wp\/v2\/media?parent=30509"}],"curies":[{"name":"wp","href":"https:\/\/api.w.org\/{rel}","templated":true}]}}