{"id":30400,"date":"2015-04-20T10:02:26","date_gmt":"2015-04-20T08:02:26","guid":{"rendered":"https:\/\/supreme-living.de\/proprietaires-sidebar-left\/"},"modified":"2015-04-20T10:02:26","modified_gmt":"2015-04-20T08:02:26","slug":"proprietaires-sidebar-left","status":"publish","type":"page","link":"https:\/\/supreme-living.de\/fr\/proprietaires-sidebar-left\/","title":{"rendered":"Propri\u00e9taires &#8211; Sidebar Left"},"content":{"rendered":"<p>WP RENTALS est le guichet unique du voyageur averti pour les locations de courte dur\u00e9e. O\u00f9 que soit votre prochain voyage, ou o\u00f9 que se trouve votre propri\u00e9t\u00e9, utilisez notre march\u00e9 en ligne pour vous connecter avec des h\u00f4tes et des clients qui croient en des exp\u00e9riences de voyage pratiques, gratifiantes et uniques. Avec un inventaire toujours plus important d&rsquo;h\u00e9bergements accueillants, WP Rentals s&rsquo;efforce de vous faire sentir chez vous o\u00f9 que vous soyez.  <\/p>\n","protected":false},"excerpt":{"rendered":"<p>WP RENTALS est le guichet unique du voyageur averti pour les locations de courte dur\u00e9e. O\u00f9 que soit votre prochain voyage, ou o\u00f9 que se trouve votre propri\u00e9t\u00e9, utilisez notre march\u00e9 en ligne pour vous connecter avec des h\u00f4tes et des clients qui croient en des exp\u00e9riences de voyage pratiques, gratifiantes et uniques. Avec un &#8230;<\/p>\n","protected":false},"author":1,"featured_media":0,"parent":0,"menu_order":0,"comment_status":"open","ping_status":"open","template":"agents_list.php","meta":{"inline_featured_image":false,"footnotes":""},"class_list":["post-30400","page","type-page","status-publish","hentry"],"yoast_head":"<!-- This site is optimized with the Yoast SEO plugin v27.5 - https:\/\/yoast.com\/product\/yoast-seo-wordpress\/ -->\n<title>Propri\u00e9taires - Sidebar Left &#187; Supreme Living Frankfurt<\/title>\n<meta name=\"description\" content=\"Supreme Living bietet stilvolle, voll m\u00f6blierte Apartments im Rhein-Main-Gebiet. Ideal f\u00fcr Wohnen auf Zeit, Gesch\u00e4ftsreisende und Pendler \u2013 erleben Sie Komfort und Flexibilit\u00e4t in exklusivem Ambiente.\" \/>\n<meta name=\"robots\" content=\"index, follow, max-snippet:-1, max-image-preview:large, max-video-preview:-1\" \/>\n<link rel=\"canonical\" href=\"https:\/\/supreme-living.de\/fr\/proprietaires-sidebar-left\/\" \/>\n<meta property=\"og:locale\" content=\"fr_FR\" \/>\n<meta property=\"og:type\" content=\"article\" \/>\n<meta property=\"og:title\" content=\"Propri\u00e9taires - Sidebar Left &#187; Supreme Living Frankfurt\" \/>\n<meta property=\"og:description\" content=\"Supreme Living bietet stilvolle, voll m\u00f6blierte Apartments im Rhein-Main-Gebiet. Ideal f\u00fcr Wohnen auf Zeit, Gesch\u00e4ftsreisende und Pendler \u2013 erleben Sie Komfort und Flexibilit\u00e4t in exklusivem Ambiente.\" \/>\n<meta property=\"og:url\" content=\"https:\/\/supreme-living.de\/fr\/proprietaires-sidebar-left\/\" \/>\n<meta property=\"og:site_name\" content=\"Supreme Living Frankfurt\" \/>\n<meta property=\"article:publisher\" content=\"https:\/\/www.facebook.com\/supremeliving.de\" \/>\n<meta property=\"og:image\" content=\"https:\/\/supreme-living.de\/wp-content\/uploads\/2025\/04\/supreme-living-frankfurt.jpg\" \/>\n\t<meta property=\"og:image:width\" content=\"1200\" \/>\n\t<meta property=\"og:image:height\" content=\"675\" \/>\n\t<meta property=\"og:image:type\" content=\"image\/jpeg\" \/>\n<meta name=\"twitter:card\" content=\"summary_large_image\" \/>\n<meta name=\"twitter:site\" content=\"@SupremeLivingde\" \/>\n<script type=\"application\/ld+json\" class=\"yoast-schema-graph\">{\"@context\":\"https:\\\/\\\/schema.org\",\"@graph\":[{\"@type\":\"WebPage\",\"@id\":\"https:\\\/\\\/supreme-living.de\\\/fr\\\/proprietaires-sidebar-left\\\/\",\"url\":\"https:\\\/\\\/supreme-living.de\\\/fr\\\/proprietaires-sidebar-left\\\/\",\"name\":\"Propri\u00e9taires - Sidebar Left &#187; Supreme Living Frankfurt\",\"isPartOf\":{\"@id\":\"https:\\\/\\\/supreme-living.de\\\/fr\\\/#website\"},\"datePublished\":\"2015-04-20T08:02:26+00:00\",\"description\":\"Supreme Living bietet stilvolle, voll m\u00f6blierte Apartments im Rhein-Main-Gebiet. Ideal f\u00fcr Wohnen auf Zeit, Gesch\u00e4ftsreisende und Pendler \u2013 erleben Sie Komfort und Flexibilit\u00e4t in exklusivem Ambiente.\",\"breadcrumb\":{\"@id\":\"https:\\\/\\\/supreme-living.de\\\/fr\\\/proprietaires-sidebar-left\\\/#breadcrumb\"},\"inLanguage\":\"fr-FR\",\"potentialAction\":[{\"@type\":\"ReadAction\",\"target\":[\"https:\\\/\\\/supreme-living.de\\\/fr\\\/proprietaires-sidebar-left\\\/\"]}]},{\"@type\":\"BreadcrumbList\",\"@id\":\"https:\\\/\\\/supreme-living.de\\\/fr\\\/proprietaires-sidebar-left\\\/#breadcrumb\",\"itemListElement\":[{\"@type\":\"ListItem\",\"position\":1,\"name\":\"Startseite\",\"item\":\"https:\\\/\\\/supreme-living.de\\\/fr\\\/\"},{\"@type\":\"ListItem\",\"position\":2,\"name\":\"Propri\u00e9taires &#8211; Sidebar Left\"}]},{\"@type\":\"WebSite\",\"@id\":\"https:\\\/\\\/supreme-living.de\\\/fr\\\/#website\",\"url\":\"https:\\\/\\\/supreme-living.de\\\/fr\\\/\",\"name\":\"Supreme living & working GmbH\",\"description\":\"...besser als Zuhause wohnen!\",\"publisher\":{\"@id\":\"https:\\\/\\\/supreme-living.de\\\/fr\\\/#organization\"},\"potentialAction\":[{\"@type\":\"SearchAction\",\"target\":{\"@type\":\"EntryPoint\",\"urlTemplate\":\"https:\\\/\\\/supreme-living.de\\\/fr\\\/?s={search_term_string}\"},\"query-input\":{\"@type\":\"PropertyValueSpecification\",\"valueRequired\":true,\"valueName\":\"search_term_string\"}}],\"inLanguage\":\"fr-FR\"},{\"@type\":\"Organization\",\"@id\":\"https:\\\/\\\/supreme-living.de\\\/fr\\\/#organization\",\"name\":\"Supreme living & working GmbH\",\"url\":\"https:\\\/\\\/supreme-living.de\\\/fr\\\/\",\"logo\":{\"@type\":\"ImageObject\",\"inLanguage\":\"fr-FR\",\"@id\":\"https:\\\/\\\/supreme-living.de\\\/fr\\\/#\\\/schema\\\/logo\\\/image\\\/\",\"url\":\"https:\\\/\\\/supreme-living.de\\\/wp-content\\\/uploads\\\/2023\\\/09\\\/supreme-blue.logo_.png\",\"contentUrl\":\"https:\\\/\\\/supreme-living.de\\\/wp-content\\\/uploads\\\/2023\\\/09\\\/supreme-blue.logo_.png\",\"width\":1055,\"height\":694,\"caption\":\"Supreme living & working GmbH\"},\"image\":{\"@id\":\"https:\\\/\\\/supreme-living.de\\\/fr\\\/#\\\/schema\\\/logo\\\/image\\\/\"},\"sameAs\":[\"https:\\\/\\\/www.facebook.com\\\/supremeliving.de\",\"https:\\\/\\\/x.com\\\/SupremeLivingde\",\"https:\\\/\\\/www.instagram.com\\\/supremelivingde\\\/\"]}]}<\/script>\n<!-- \/ Yoast SEO plugin. -->","yoast_head_json":{"title":"Propri\u00e9taires - Sidebar Left &#187; Supreme Living Frankfurt","description":"Supreme Living bietet stilvolle, voll m\u00f6blierte Apartments im Rhein-Main-Gebiet. Ideal f\u00fcr Wohnen auf Zeit, Gesch\u00e4ftsreisende und Pendler \u2013 erleben Sie Komfort und Flexibilit\u00e4t in exklusivem Ambiente.","robots":{"index":"index","follow":"follow","max-snippet":"max-snippet:-1","max-image-preview":"max-image-preview:large","max-video-preview":"max-video-preview:-1"},"canonical":"https:\/\/supreme-living.de\/fr\/proprietaires-sidebar-left\/","og_locale":"fr_FR","og_type":"article","og_title":"Propri\u00e9taires - Sidebar Left &#187; Supreme Living Frankfurt","og_description":"Supreme Living bietet stilvolle, voll m\u00f6blierte Apartments im Rhein-Main-Gebiet. Ideal f\u00fcr Wohnen auf Zeit, Gesch\u00e4ftsreisende und Pendler \u2013 erleben Sie Komfort und Flexibilit\u00e4t in exklusivem Ambiente.","og_url":"https:\/\/supreme-living.de\/fr\/proprietaires-sidebar-left\/","og_site_name":"Supreme Living Frankfurt","article_publisher":"https:\/\/www.facebook.com\/supremeliving.de","og_image":[{"width":1200,"height":675,"url":"https:\/\/supreme-living.de\/wp-content\/uploads\/2025\/04\/supreme-living-frankfurt.jpg","type":"image\/jpeg"}],"twitter_card":"summary_large_image","twitter_site":"@SupremeLivingde","schema":{"@context":"https:\/\/schema.org","@graph":[{"@type":"WebPage","@id":"https:\/\/supreme-living.de\/fr\/proprietaires-sidebar-left\/","url":"https:\/\/supreme-living.de\/fr\/proprietaires-sidebar-left\/","name":"Propri\u00e9taires - Sidebar Left &#187; Supreme Living Frankfurt","isPartOf":{"@id":"https:\/\/supreme-living.de\/fr\/#website"},"datePublished":"2015-04-20T08:02:26+00:00","description":"Supreme Living bietet stilvolle, voll m\u00f6blierte Apartments im Rhein-Main-Gebiet. Ideal f\u00fcr Wohnen auf Zeit, Gesch\u00e4ftsreisende und Pendler \u2013 erleben Sie Komfort und Flexibilit\u00e4t in exklusivem Ambiente.","breadcrumb":{"@id":"https:\/\/supreme-living.de\/fr\/proprietaires-sidebar-left\/#breadcrumb"},"inLanguage":"fr-FR","potentialAction":[{"@type":"ReadAction","target":["https:\/\/supreme-living.de\/fr\/proprietaires-sidebar-left\/"]}]},{"@type":"BreadcrumbList","@id":"https:\/\/supreme-living.de\/fr\/proprietaires-sidebar-left\/#breadcrumb","itemListElement":[{"@type":"ListItem","position":1,"name":"Startseite","item":"https:\/\/supreme-living.de\/fr\/"},{"@type":"ListItem","position":2,"name":"Propri\u00e9taires &#8211; Sidebar Left"}]},{"@type":"WebSite","@id":"https:\/\/supreme-living.de\/fr\/#website","url":"https:\/\/supreme-living.de\/fr\/","name":"Supreme living & working GmbH","description":"...besser als Zuhause wohnen!","publisher":{"@id":"https:\/\/supreme-living.de\/fr\/#organization"},"potentialAction":[{"@type":"SearchAction","target":{"@type":"EntryPoint","urlTemplate":"https:\/\/supreme-living.de\/fr\/?s={search_term_string}"},"query-input":{"@type":"PropertyValueSpecification","valueRequired":true,"valueName":"search_term_string"}}],"inLanguage":"fr-FR"},{"@type":"Organization","@id":"https:\/\/supreme-living.de\/fr\/#organization","name":"Supreme living & working GmbH","url":"https:\/\/supreme-living.de\/fr\/","logo":{"@type":"ImageObject","inLanguage":"fr-FR","@id":"https:\/\/supreme-living.de\/fr\/#\/schema\/logo\/image\/","url":"https:\/\/supreme-living.de\/wp-content\/uploads\/2023\/09\/supreme-blue.logo_.png","contentUrl":"https:\/\/supreme-living.de\/wp-content\/uploads\/2023\/09\/supreme-blue.logo_.png","width":1055,"height":694,"caption":"Supreme living & working GmbH"},"image":{"@id":"https:\/\/supreme-living.de\/fr\/#\/schema\/logo\/image\/"},"sameAs":["https:\/\/www.facebook.com\/supremeliving.de","https:\/\/x.com\/SupremeLivingde","https:\/\/www.instagram.com\/supremelivingde\/"]}]}},"_links":{"self":[{"href":"https:\/\/supreme-living.de\/fr\/wp-json\/wp\/v2\/pages\/30400","targetHints":{"allow":["GET"]}}],"collection":[{"href":"https:\/\/supreme-living.de\/fr\/wp-json\/wp\/v2\/pages"}],"about":[{"href":"https:\/\/supreme-living.de\/fr\/wp-json\/wp\/v2\/types\/page"}],"author":[{"embeddable":true,"href":"https:\/\/supreme-living.de\/fr\/wp-json\/wp\/v2\/users\/1"}],"replies":[{"embeddable":true,"href":"https:\/\/supreme-living.de\/fr\/wp-json\/wp\/v2\/comments?post=30400"}],"version-history":[{"count":0,"href":"https:\/\/supreme-living.de\/fr\/wp-json\/wp\/v2\/pages\/30400\/revisions"}],"wp:attachment":[{"href":"https:\/\/supreme-living.de\/fr\/wp-json\/wp\/v2\/media?parent=30400"}],"curies":[{"name":"wp","href":"https:\/\/api.w.org\/{rel}","templated":true}]}}