{"id":30496,"date":"2015-08-19T14:16:57","date_gmt":"2015-08-19T12:16:57","guid":{"rendered":"https:\/\/supreme-living.de\/presentacion-en-nueva-york\/"},"modified":"2015-08-19T14:16:57","modified_gmt":"2015-08-19T12:16:57","slug":"presentacion-en-nueva-york","status":"publish","type":"page","link":"https:\/\/supreme-living.de\/es\/presentacion-en-nueva-york\/","title":{"rendered":"Presentaci\u00f3n en Nueva York"},"content":{"rendered":"<h1>Sobre Nueva York<\/h1>\n<p>La distribuci\u00f3n del cambio en el crecimiento de la poblaci\u00f3n es desigual en el estado de Nueva York; el \u00e1rea metropolitana de la ciudad de Nueva York est\u00e1 creciendo considerablemente, junto con el condado de Saratoga; mientras que la mayor parte del oeste de Nueva York est\u00e1 casi estancada. Seg\u00fan las estad\u00edsticas de inmigraci\u00f3n, el Estado es uno de los principales receptores de inmigrantes de todo el mundo. Entre 2000 y 2005, la inmigraci\u00f3n no super\u00f3 a la emigraci\u00f3n, tendencia que se ha invertido desde 2006. El estado de Nueva York perdi\u00f3 dos esca\u00f1os en la C\u00e1mara de Representantes en el reajuste congresual de 2011, secundario a un crecimiento relativamente lento en comparaci\u00f3n con el resto de Estados Unidos. En 2000 y 2005, se trasladaron m\u00e1s personas de Nueva York a Florida que de cualquier otro estado.[65]  Sin embargo, el estado de Nueva York tiene la segunda mayor poblaci\u00f3n de inmigrantes internacionales del pa\u00eds entre los estados norteamericanos, con 4,2 millones en 2008; la mayor\u00eda reside en la ciudad de Nueva York y sus alrededores, debido a su tama\u00f1o, alto perfil, vibrante econom\u00eda y cultura cosmopolita.<\/p>\n","protected":false},"excerpt":{"rendered":"<p>Sobre Nueva York La distribuci\u00f3n del cambio en el crecimiento de la poblaci\u00f3n es desigual en el estado de Nueva York; el \u00e1rea metropolitana de la ciudad de Nueva York est\u00e1 creciendo considerablemente, junto con el condado de Saratoga; mientras que la mayor parte del oeste de Nueva York est\u00e1 casi estancada. Seg\u00fan las estad\u00edsticas &#8230;<\/p>\n","protected":false},"author":1,"featured_media":0,"parent":0,"menu_order":0,"comment_status":"open","ping_status":"open","template":"","meta":{"inline_featured_image":false,"footnotes":""},"class_list":["post-30496","page","type-page","status-publish","hentry"],"yoast_head":"<!-- This site is optimized with the Yoast SEO plugin v27.4 - https:\/\/yoast.com\/product\/yoast-seo-wordpress\/ -->\n<title>Presentaci\u00f3n en Nueva York &#187; Supreme Living Frankfurt<\/title>\n<meta name=\"description\" content=\"Supreme Living bietet stilvolle, voll m\u00f6blierte Apartments im Rhein-Main-Gebiet. Ideal f\u00fcr Wohnen auf Zeit, Gesch\u00e4ftsreisende und Pendler \u2013 erleben Sie Komfort und Flexibilit\u00e4t in exklusivem Ambiente.\" \/>\n<meta name=\"robots\" content=\"index, follow, max-snippet:-1, max-image-preview:large, max-video-preview:-1\" \/>\n<link rel=\"canonical\" href=\"https:\/\/supreme-living.de\/es\/presentacion-en-nueva-york\/\" \/>\n<meta property=\"og:locale\" content=\"es_ES\" \/>\n<meta property=\"og:type\" content=\"article\" \/>\n<meta property=\"og:title\" content=\"Presentaci\u00f3n en Nueva York &#187; Supreme Living Frankfurt\" \/>\n<meta property=\"og:description\" content=\"Supreme Living bietet stilvolle, voll m\u00f6blierte Apartments im Rhein-Main-Gebiet. Ideal f\u00fcr Wohnen auf Zeit, Gesch\u00e4ftsreisende und Pendler \u2013 erleben Sie Komfort und Flexibilit\u00e4t in exklusivem Ambiente.\" \/>\n<meta property=\"og:url\" content=\"https:\/\/supreme-living.de\/es\/presentacion-en-nueva-york\/\" \/>\n<meta property=\"og:site_name\" content=\"Supreme Living Frankfurt\" \/>\n<meta property=\"article:publisher\" content=\"https:\/\/www.facebook.com\/supremeliving.de\" \/>\n<meta property=\"og:image\" content=\"https:\/\/supreme-living.de\/wp-content\/uploads\/2025\/04\/supreme-living-frankfurt.jpg\" \/>\n\t<meta property=\"og:image:width\" content=\"1200\" \/>\n\t<meta property=\"og:image:height\" content=\"675\" \/>\n\t<meta property=\"og:image:type\" content=\"image\/jpeg\" \/>\n<meta name=\"twitter:card\" content=\"summary_large_image\" \/>\n<meta name=\"twitter:site\" content=\"@SupremeLivingde\" \/>\n<meta name=\"twitter:label1\" content=\"Tiempo de lectura\" \/>\n\t<meta name=\"twitter:data1\" content=\"1 minuto\" \/>\n<script type=\"application\/ld+json\" class=\"yoast-schema-graph\">{\"@context\":\"https:\\\/\\\/schema.org\",\"@graph\":[{\"@type\":\"WebPage\",\"@id\":\"https:\\\/\\\/supreme-living.de\\\/es\\\/presentacion-en-nueva-york\\\/\",\"url\":\"https:\\\/\\\/supreme-living.de\\\/es\\\/presentacion-en-nueva-york\\\/\",\"name\":\"Presentaci\u00f3n en Nueva York &#187; Supreme Living Frankfurt\",\"isPartOf\":{\"@id\":\"https:\\\/\\\/supreme-living.de\\\/es\\\/#website\"},\"datePublished\":\"2015-08-19T12:16:57+00:00\",\"description\":\"Supreme Living bietet stilvolle, voll m\u00f6blierte Apartments im Rhein-Main-Gebiet. Ideal f\u00fcr Wohnen auf Zeit, Gesch\u00e4ftsreisende und Pendler \u2013 erleben Sie Komfort und Flexibilit\u00e4t in exklusivem Ambiente.\",\"breadcrumb\":{\"@id\":\"https:\\\/\\\/supreme-living.de\\\/es\\\/presentacion-en-nueva-york\\\/#breadcrumb\"},\"inLanguage\":\"es\",\"potentialAction\":[{\"@type\":\"ReadAction\",\"target\":[\"https:\\\/\\\/supreme-living.de\\\/es\\\/presentacion-en-nueva-york\\\/\"]}]},{\"@type\":\"BreadcrumbList\",\"@id\":\"https:\\\/\\\/supreme-living.de\\\/es\\\/presentacion-en-nueva-york\\\/#breadcrumb\",\"itemListElement\":[{\"@type\":\"ListItem\",\"position\":1,\"name\":\"Startseite\",\"item\":\"https:\\\/\\\/supreme-living.de\\\/es\\\/\"},{\"@type\":\"ListItem\",\"position\":2,\"name\":\"Presentaci\u00f3n en Nueva York\"}]},{\"@type\":\"WebSite\",\"@id\":\"https:\\\/\\\/supreme-living.de\\\/es\\\/#website\",\"url\":\"https:\\\/\\\/supreme-living.de\\\/es\\\/\",\"name\":\"Supreme living & working GmbH\",\"description\":\"...besser als Zuhause wohnen!\",\"publisher\":{\"@id\":\"https:\\\/\\\/supreme-living.de\\\/es\\\/#organization\"},\"potentialAction\":[{\"@type\":\"SearchAction\",\"target\":{\"@type\":\"EntryPoint\",\"urlTemplate\":\"https:\\\/\\\/supreme-living.de\\\/es\\\/?s={search_term_string}\"},\"query-input\":{\"@type\":\"PropertyValueSpecification\",\"valueRequired\":true,\"valueName\":\"search_term_string\"}}],\"inLanguage\":\"es\"},{\"@type\":\"Organization\",\"@id\":\"https:\\\/\\\/supreme-living.de\\\/es\\\/#organization\",\"name\":\"Supreme living & working GmbH\",\"url\":\"https:\\\/\\\/supreme-living.de\\\/es\\\/\",\"logo\":{\"@type\":\"ImageObject\",\"inLanguage\":\"es\",\"@id\":\"https:\\\/\\\/supreme-living.de\\\/es\\\/#\\\/schema\\\/logo\\\/image\\\/\",\"url\":\"https:\\\/\\\/supreme-living.de\\\/wp-content\\\/uploads\\\/2023\\\/09\\\/supreme-blue.logo_.png\",\"contentUrl\":\"https:\\\/\\\/supreme-living.de\\\/wp-content\\\/uploads\\\/2023\\\/09\\\/supreme-blue.logo_.png\",\"width\":1055,\"height\":694,\"caption\":\"Supreme living & working GmbH\"},\"image\":{\"@id\":\"https:\\\/\\\/supreme-living.de\\\/es\\\/#\\\/schema\\\/logo\\\/image\\\/\"},\"sameAs\":[\"https:\\\/\\\/www.facebook.com\\\/supremeliving.de\",\"https:\\\/\\\/x.com\\\/SupremeLivingde\",\"https:\\\/\\\/www.instagram.com\\\/supremelivingde\\\/\"]}]}<\/script>\n<!-- \/ Yoast SEO plugin. -->","yoast_head_json":{"title":"Presentaci\u00f3n en Nueva York &#187; Supreme Living Frankfurt","description":"Supreme Living bietet stilvolle, voll m\u00f6blierte Apartments im Rhein-Main-Gebiet. Ideal f\u00fcr Wohnen auf Zeit, Gesch\u00e4ftsreisende und Pendler \u2013 erleben Sie Komfort und Flexibilit\u00e4t in exklusivem Ambiente.","robots":{"index":"index","follow":"follow","max-snippet":"max-snippet:-1","max-image-preview":"max-image-preview:large","max-video-preview":"max-video-preview:-1"},"canonical":"https:\/\/supreme-living.de\/es\/presentacion-en-nueva-york\/","og_locale":"es_ES","og_type":"article","og_title":"Presentaci\u00f3n en Nueva York &#187; Supreme Living Frankfurt","og_description":"Supreme Living bietet stilvolle, voll m\u00f6blierte Apartments im Rhein-Main-Gebiet. Ideal f\u00fcr Wohnen auf Zeit, Gesch\u00e4ftsreisende und Pendler \u2013 erleben Sie Komfort und Flexibilit\u00e4t in exklusivem Ambiente.","og_url":"https:\/\/supreme-living.de\/es\/presentacion-en-nueva-york\/","og_site_name":"Supreme Living Frankfurt","article_publisher":"https:\/\/www.facebook.com\/supremeliving.de","og_image":[{"width":1200,"height":675,"url":"https:\/\/supreme-living.de\/wp-content\/uploads\/2025\/04\/supreme-living-frankfurt.jpg","type":"image\/jpeg"}],"twitter_card":"summary_large_image","twitter_site":"@SupremeLivingde","twitter_misc":{"Tiempo de lectura":"1 minuto"},"schema":{"@context":"https:\/\/schema.org","@graph":[{"@type":"WebPage","@id":"https:\/\/supreme-living.de\/es\/presentacion-en-nueva-york\/","url":"https:\/\/supreme-living.de\/es\/presentacion-en-nueva-york\/","name":"Presentaci\u00f3n en Nueva York &#187; Supreme Living Frankfurt","isPartOf":{"@id":"https:\/\/supreme-living.de\/es\/#website"},"datePublished":"2015-08-19T12:16:57+00:00","description":"Supreme Living bietet stilvolle, voll m\u00f6blierte Apartments im Rhein-Main-Gebiet. Ideal f\u00fcr Wohnen auf Zeit, Gesch\u00e4ftsreisende und Pendler \u2013 erleben Sie Komfort und Flexibilit\u00e4t in exklusivem Ambiente.","breadcrumb":{"@id":"https:\/\/supreme-living.de\/es\/presentacion-en-nueva-york\/#breadcrumb"},"inLanguage":"es","potentialAction":[{"@type":"ReadAction","target":["https:\/\/supreme-living.de\/es\/presentacion-en-nueva-york\/"]}]},{"@type":"BreadcrumbList","@id":"https:\/\/supreme-living.de\/es\/presentacion-en-nueva-york\/#breadcrumb","itemListElement":[{"@type":"ListItem","position":1,"name":"Startseite","item":"https:\/\/supreme-living.de\/es\/"},{"@type":"ListItem","position":2,"name":"Presentaci\u00f3n en Nueva York"}]},{"@type":"WebSite","@id":"https:\/\/supreme-living.de\/es\/#website","url":"https:\/\/supreme-living.de\/es\/","name":"Supreme living & working GmbH","description":"...besser als Zuhause wohnen!","publisher":{"@id":"https:\/\/supreme-living.de\/es\/#organization"},"potentialAction":[{"@type":"SearchAction","target":{"@type":"EntryPoint","urlTemplate":"https:\/\/supreme-living.de\/es\/?s={search_term_string}"},"query-input":{"@type":"PropertyValueSpecification","valueRequired":true,"valueName":"search_term_string"}}],"inLanguage":"es"},{"@type":"Organization","@id":"https:\/\/supreme-living.de\/es\/#organization","name":"Supreme living & working GmbH","url":"https:\/\/supreme-living.de\/es\/","logo":{"@type":"ImageObject","inLanguage":"es","@id":"https:\/\/supreme-living.de\/es\/#\/schema\/logo\/image\/","url":"https:\/\/supreme-living.de\/wp-content\/uploads\/2023\/09\/supreme-blue.logo_.png","contentUrl":"https:\/\/supreme-living.de\/wp-content\/uploads\/2023\/09\/supreme-blue.logo_.png","width":1055,"height":694,"caption":"Supreme living & working GmbH"},"image":{"@id":"https:\/\/supreme-living.de\/es\/#\/schema\/logo\/image\/"},"sameAs":["https:\/\/www.facebook.com\/supremeliving.de","https:\/\/x.com\/SupremeLivingde","https:\/\/www.instagram.com\/supremelivingde\/"]}]}},"_links":{"self":[{"href":"https:\/\/supreme-living.de\/es\/wp-json\/wp\/v2\/pages\/30496","targetHints":{"allow":["GET"]}}],"collection":[{"href":"https:\/\/supreme-living.de\/es\/wp-json\/wp\/v2\/pages"}],"about":[{"href":"https:\/\/supreme-living.de\/es\/wp-json\/wp\/v2\/types\/page"}],"author":[{"embeddable":true,"href":"https:\/\/supreme-living.de\/es\/wp-json\/wp\/v2\/users\/1"}],"replies":[{"embeddable":true,"href":"https:\/\/supreme-living.de\/es\/wp-json\/wp\/v2\/comments?post=30496"}],"version-history":[{"count":0,"href":"https:\/\/supreme-living.de\/es\/wp-json\/wp\/v2\/pages\/30496\/revisions"}],"wp:attachment":[{"href":"https:\/\/supreme-living.de\/es\/wp-json\/wp\/v2\/media?parent=30496"}],"curies":[{"name":"wp","href":"https:\/\/api.w.org\/{rel}","templated":true}]}}