{"id":30447,"date":"2015-04-21T13:28:29","date_gmt":"2015-04-21T11:28:29","guid":{"rendered":"https:\/\/supreme-living.de\/pongase-en-contacto-con\/"},"modified":"2015-04-21T13:28:29","modified_gmt":"2015-04-21T11:28:29","slug":"pongase-en-contacto-con","status":"publish","type":"page","link":"https:\/\/supreme-living.de\/es\/pongase-en-contacto-con\/","title":{"rendered":"P\u00f3ngase en contacto con"},"content":{"rendered":"","protected":false},"excerpt":{"rendered":"","protected":false},"author":1,"featured_media":0,"parent":0,"menu_order":0,"comment_status":"open","ping_status":"open","template":"contact_page.php","meta":{"inline_featured_image":false,"footnotes":""},"class_list":["post-30447","page","type-page","status-publish","hentry"],"yoast_head":"<!-- This site is optimized with the Yoast SEO plugin v27.4 - https:\/\/yoast.com\/product\/yoast-seo-wordpress\/ -->\n<title>P\u00f3ngase en contacto con &#187; Supreme Living Frankfurt<\/title>\n<meta name=\"description\" content=\"Supreme Living bietet stilvolle, voll m\u00f6blierte Apartments im Rhein-Main-Gebiet. Ideal f\u00fcr Wohnen auf Zeit, Gesch\u00e4ftsreisende und Pendler \u2013 erleben Sie Komfort und Flexibilit\u00e4t in exklusivem Ambiente.\" \/>\n<meta name=\"robots\" content=\"index, follow, max-snippet:-1, max-image-preview:large, max-video-preview:-1\" \/>\n<link rel=\"canonical\" href=\"https:\/\/supreme-living.de\/es\/pongase-en-contacto-con\/\" \/>\n<meta property=\"og:locale\" content=\"es_ES\" \/>\n<meta property=\"og:type\" content=\"article\" \/>\n<meta property=\"og:title\" content=\"P\u00f3ngase en contacto con &#187; Supreme Living Frankfurt\" \/>\n<meta property=\"og:description\" content=\"Supreme Living bietet stilvolle, voll m\u00f6blierte Apartments im Rhein-Main-Gebiet. Ideal f\u00fcr Wohnen auf Zeit, Gesch\u00e4ftsreisende und Pendler \u2013 erleben Sie Komfort und Flexibilit\u00e4t in exklusivem Ambiente.\" \/>\n<meta property=\"og:url\" content=\"https:\/\/supreme-living.de\/es\/pongase-en-contacto-con\/\" \/>\n<meta property=\"og:site_name\" content=\"Supreme Living Frankfurt\" \/>\n<meta property=\"article:publisher\" content=\"https:\/\/www.facebook.com\/supremeliving.de\" \/>\n<meta property=\"og:image\" content=\"https:\/\/supreme-living.de\/wp-content\/uploads\/2025\/04\/supreme-living-frankfurt.jpg\" \/>\n\t<meta property=\"og:image:width\" content=\"1200\" \/>\n\t<meta property=\"og:image:height\" content=\"675\" \/>\n\t<meta property=\"og:image:type\" content=\"image\/jpeg\" \/>\n<meta name=\"twitter:card\" content=\"summary_large_image\" \/>\n<meta name=\"twitter:site\" content=\"@SupremeLivingde\" \/>\n<script type=\"application\/ld+json\" class=\"yoast-schema-graph\">{\"@context\":\"https:\\\/\\\/schema.org\",\"@graph\":[{\"@type\":\"WebPage\",\"@id\":\"https:\\\/\\\/supreme-living.de\\\/es\\\/pongase-en-contacto-con\\\/\",\"url\":\"https:\\\/\\\/supreme-living.de\\\/es\\\/pongase-en-contacto-con\\\/\",\"name\":\"P\u00f3ngase en contacto con &#187; Supreme Living Frankfurt\",\"isPartOf\":{\"@id\":\"https:\\\/\\\/supreme-living.de\\\/es\\\/#website\"},\"datePublished\":\"2015-04-21T11:28:29+00:00\",\"description\":\"Supreme Living bietet stilvolle, voll m\u00f6blierte Apartments im Rhein-Main-Gebiet. Ideal f\u00fcr Wohnen auf Zeit, Gesch\u00e4ftsreisende und Pendler \u2013 erleben Sie Komfort und Flexibilit\u00e4t in exklusivem Ambiente.\",\"breadcrumb\":{\"@id\":\"https:\\\/\\\/supreme-living.de\\\/es\\\/pongase-en-contacto-con\\\/#breadcrumb\"},\"inLanguage\":\"es\",\"potentialAction\":[{\"@type\":\"ReadAction\",\"target\":[\"https:\\\/\\\/supreme-living.de\\\/es\\\/pongase-en-contacto-con\\\/\"]}]},{\"@type\":\"BreadcrumbList\",\"@id\":\"https:\\\/\\\/supreme-living.de\\\/es\\\/pongase-en-contacto-con\\\/#breadcrumb\",\"itemListElement\":[{\"@type\":\"ListItem\",\"position\":1,\"name\":\"Startseite\",\"item\":\"https:\\\/\\\/supreme-living.de\\\/es\\\/\"},{\"@type\":\"ListItem\",\"position\":2,\"name\":\"P\u00f3ngase en contacto con\"}]},{\"@type\":\"WebSite\",\"@id\":\"https:\\\/\\\/supreme-living.de\\\/es\\\/#website\",\"url\":\"https:\\\/\\\/supreme-living.de\\\/es\\\/\",\"name\":\"Supreme living & working GmbH\",\"description\":\"...besser als Zuhause wohnen!\",\"publisher\":{\"@id\":\"https:\\\/\\\/supreme-living.de\\\/es\\\/#organization\"},\"potentialAction\":[{\"@type\":\"SearchAction\",\"target\":{\"@type\":\"EntryPoint\",\"urlTemplate\":\"https:\\\/\\\/supreme-living.de\\\/es\\\/?s={search_term_string}\"},\"query-input\":{\"@type\":\"PropertyValueSpecification\",\"valueRequired\":true,\"valueName\":\"search_term_string\"}}],\"inLanguage\":\"es\"},{\"@type\":\"Organization\",\"@id\":\"https:\\\/\\\/supreme-living.de\\\/es\\\/#organization\",\"name\":\"Supreme living & working GmbH\",\"url\":\"https:\\\/\\\/supreme-living.de\\\/es\\\/\",\"logo\":{\"@type\":\"ImageObject\",\"inLanguage\":\"es\",\"@id\":\"https:\\\/\\\/supreme-living.de\\\/es\\\/#\\\/schema\\\/logo\\\/image\\\/\",\"url\":\"https:\\\/\\\/supreme-living.de\\\/wp-content\\\/uploads\\\/2023\\\/09\\\/supreme-blue.logo_.png\",\"contentUrl\":\"https:\\\/\\\/supreme-living.de\\\/wp-content\\\/uploads\\\/2023\\\/09\\\/supreme-blue.logo_.png\",\"width\":1055,\"height\":694,\"caption\":\"Supreme living & working GmbH\"},\"image\":{\"@id\":\"https:\\\/\\\/supreme-living.de\\\/es\\\/#\\\/schema\\\/logo\\\/image\\\/\"},\"sameAs\":[\"https:\\\/\\\/www.facebook.com\\\/supremeliving.de\",\"https:\\\/\\\/x.com\\\/SupremeLivingde\",\"https:\\\/\\\/www.instagram.com\\\/supremelivingde\\\/\"]}]}<\/script>\n<!-- \/ Yoast SEO plugin. -->","yoast_head_json":{"title":"P\u00f3ngase en contacto con &#187; Supreme Living Frankfurt","description":"Supreme Living bietet stilvolle, voll m\u00f6blierte Apartments im Rhein-Main-Gebiet. Ideal f\u00fcr Wohnen auf Zeit, Gesch\u00e4ftsreisende und Pendler \u2013 erleben Sie Komfort und Flexibilit\u00e4t in exklusivem Ambiente.","robots":{"index":"index","follow":"follow","max-snippet":"max-snippet:-1","max-image-preview":"max-image-preview:large","max-video-preview":"max-video-preview:-1"},"canonical":"https:\/\/supreme-living.de\/es\/pongase-en-contacto-con\/","og_locale":"es_ES","og_type":"article","og_title":"P\u00f3ngase en contacto con &#187; Supreme Living Frankfurt","og_description":"Supreme Living bietet stilvolle, voll m\u00f6blierte Apartments im Rhein-Main-Gebiet. Ideal f\u00fcr Wohnen auf Zeit, Gesch\u00e4ftsreisende und Pendler \u2013 erleben Sie Komfort und Flexibilit\u00e4t in exklusivem Ambiente.","og_url":"https:\/\/supreme-living.de\/es\/pongase-en-contacto-con\/","og_site_name":"Supreme Living Frankfurt","article_publisher":"https:\/\/www.facebook.com\/supremeliving.de","og_image":[{"width":1200,"height":675,"url":"https:\/\/supreme-living.de\/wp-content\/uploads\/2025\/04\/supreme-living-frankfurt.jpg","type":"image\/jpeg"}],"twitter_card":"summary_large_image","twitter_site":"@SupremeLivingde","schema":{"@context":"https:\/\/schema.org","@graph":[{"@type":"WebPage","@id":"https:\/\/supreme-living.de\/es\/pongase-en-contacto-con\/","url":"https:\/\/supreme-living.de\/es\/pongase-en-contacto-con\/","name":"P\u00f3ngase en contacto con &#187; Supreme Living Frankfurt","isPartOf":{"@id":"https:\/\/supreme-living.de\/es\/#website"},"datePublished":"2015-04-21T11:28:29+00:00","description":"Supreme Living bietet stilvolle, voll m\u00f6blierte Apartments im Rhein-Main-Gebiet. Ideal f\u00fcr Wohnen auf Zeit, Gesch\u00e4ftsreisende und Pendler \u2013 erleben Sie Komfort und Flexibilit\u00e4t in exklusivem Ambiente.","breadcrumb":{"@id":"https:\/\/supreme-living.de\/es\/pongase-en-contacto-con\/#breadcrumb"},"inLanguage":"es","potentialAction":[{"@type":"ReadAction","target":["https:\/\/supreme-living.de\/es\/pongase-en-contacto-con\/"]}]},{"@type":"BreadcrumbList","@id":"https:\/\/supreme-living.de\/es\/pongase-en-contacto-con\/#breadcrumb","itemListElement":[{"@type":"ListItem","position":1,"name":"Startseite","item":"https:\/\/supreme-living.de\/es\/"},{"@type":"ListItem","position":2,"name":"P\u00f3ngase en contacto con"}]},{"@type":"WebSite","@id":"https:\/\/supreme-living.de\/es\/#website","url":"https:\/\/supreme-living.de\/es\/","name":"Supreme living & working GmbH","description":"...besser als Zuhause wohnen!","publisher":{"@id":"https:\/\/supreme-living.de\/es\/#organization"},"potentialAction":[{"@type":"SearchAction","target":{"@type":"EntryPoint","urlTemplate":"https:\/\/supreme-living.de\/es\/?s={search_term_string}"},"query-input":{"@type":"PropertyValueSpecification","valueRequired":true,"valueName":"search_term_string"}}],"inLanguage":"es"},{"@type":"Organization","@id":"https:\/\/supreme-living.de\/es\/#organization","name":"Supreme living & working GmbH","url":"https:\/\/supreme-living.de\/es\/","logo":{"@type":"ImageObject","inLanguage":"es","@id":"https:\/\/supreme-living.de\/es\/#\/schema\/logo\/image\/","url":"https:\/\/supreme-living.de\/wp-content\/uploads\/2023\/09\/supreme-blue.logo_.png","contentUrl":"https:\/\/supreme-living.de\/wp-content\/uploads\/2023\/09\/supreme-blue.logo_.png","width":1055,"height":694,"caption":"Supreme living & working GmbH"},"image":{"@id":"https:\/\/supreme-living.de\/es\/#\/schema\/logo\/image\/"},"sameAs":["https:\/\/www.facebook.com\/supremeliving.de","https:\/\/x.com\/SupremeLivingde","https:\/\/www.instagram.com\/supremelivingde\/"]}]}},"_links":{"self":[{"href":"https:\/\/supreme-living.de\/es\/wp-json\/wp\/v2\/pages\/30447","targetHints":{"allow":["GET"]}}],"collection":[{"href":"https:\/\/supreme-living.de\/es\/wp-json\/wp\/v2\/pages"}],"about":[{"href":"https:\/\/supreme-living.de\/es\/wp-json\/wp\/v2\/types\/page"}],"author":[{"embeddable":true,"href":"https:\/\/supreme-living.de\/es\/wp-json\/wp\/v2\/users\/1"}],"replies":[{"embeddable":true,"href":"https:\/\/supreme-living.de\/es\/wp-json\/wp\/v2\/comments?post=30447"}],"version-history":[{"count":0,"href":"https:\/\/supreme-living.de\/es\/wp-json\/wp\/v2\/pages\/30447\/revisions"}],"wp:attachment":[{"href":"https:\/\/supreme-living.de\/es\/wp-json\/wp\/v2\/media?parent=30447"}],"curies":[{"name":"wp","href":"https:\/\/api.w.org\/{rel}","templated":true}]}}