{"id":29983,"date":"2023-09-29T17:06:51","date_gmt":"2023-09-29T15:06:51","guid":{"rendered":"https:\/\/supreme-living.de\/agb\/"},"modified":"2023-10-26T13:03:38","modified_gmt":"2023-10-26T11:03:38","slug":"agb","status":"publish","type":"page","link":"https:\/\/supreme-living.de\/es\/agb\/","title":{"rendered":"AGB"},"content":{"rendered":"\n<p>Supreme living &amp; working GmbH, en lo sucesivo denominada Supreme living, Condiciones Generales de Contrataci\u00f3n (CGC):<\/p>\n\n<p>1. \u00e1mbito de aplicaci\u00f3n:<\/p>\n\n<p>Estas Condiciones Generales de Contrataci\u00f3n rigen la relaci\u00f3n contractual entre Supreme Living y sus clientes (inquilinos) en relaci\u00f3n con la provisi\u00f3n de habitaciones y pisos amueblados y servicios relacionados.<\/p>\n\n<p>2. celebraci\u00f3n del contrato:.<\/p>\n\n<p>2.1 El contrato entre Supreme Living y el cliente se forma cuando el cliente hace una solicitud de reserva y Supreme Living confirma la reserva por escrito o por correo electr\u00f3nico.<\/p>\n\n<p>2.2 El cliente es responsable de proporcionar informaci\u00f3n precisa y completa durante el proceso de reserva. Supreme Living se reserva el derecho a rechazar una solicitud de reserva si la habitaci\u00f3n o piso solicitados no est\u00e1n disponibles o la informaci\u00f3n facilitada por el cliente es incompleta o inexacta.<\/p>\n\n<p>3. prestaciones y obligaciones:<\/p>\n\n<p>3.1 Supreme Living se compromete a proporcionar al Cliente una habitaci\u00f3n o piso amueblado por la duraci\u00f3n acordada y de acuerdo con las especificaciones indicadas en la p\u00e1gina web de Supreme Living o en la confirmaci\u00f3n de la reserva.<\/p>\n\n<p>3.2 El Cliente se compromete a utilizar el Apartamento y sus instalaciones de forma responsable y l\u00edcita, a respetar los derechos de los dem\u00e1s residentes y a cumplir todas las normas y reglamentos adicionales de Supreme Living.<\/p>\n\n<p>3.3 Se proh\u00edbe al cliente fijar objetos a la pared y\/o al suelo y\/o al techo o instalarlos en la vivienda sin haber obtenido previamente la autorizaci\u00f3n por escrito de Supreme-Living. Todos los objetos fijados y\/o instalados por el cliente deber\u00e1n ser retirados de nuevo en el momento de la mudanza y se deber\u00e1 restablecer el estado original del piso.<\/p>\n\n<p>3.4 Los clientes deben manipular todos los objetos con cuidado y tratar a los dem\u00e1s residentes con respeto. El ruido excesivo est\u00e1 estrictamente prohibido despu\u00e9s de las 21.00 horas.<\/p>\n\n<p>3.5 Queda expresamente prohibida la pernoctaci\u00f3n de personas en las habitaciones y pisos amueblados no mencionados en el contrato.<\/p>\n\n<p>3.6 Despu\u00e9s de utilizar las habitaciones comunes (especialmente el cuarto de ba\u00f1o, el WC y la cocina) y los objetos (especialmente los utensilios de cocina y los accesorios de ba\u00f1o), \u00e9stos deben limpiarse de nuevo inmediatamente y devolverse a su lugar.<\/p>\n\n<p>La calefacci\u00f3n debe estar a temperatura ambiente. Se proh\u00edbe el uso excesivo de electricidad y calefacci\u00f3n.<\/p>\n\n<p>3.7 Est\u00e1 prohibido colocar objetos en las zonas comunes y delante de la puerta del piso.<\/p>\n\n<p>3.8 El periodo m\u00ednimo de alquiler es de 90 d\u00edas.<\/p>\n\n<p>3.9 En caso de mudanza, el inquilino paga siempre el medio mes completo (ya sea el d\u00eda 15 o el 30 de un mes).<\/p>\n\n<p>3.10 La rescisi\u00f3n de un contrato de arrendamiento en vigor debe hacerse siempre por escrito. El plazo de preaviso es de 3 meses a fin de mes, salvo que se especifique lo contrario en el contrato. Para cumplir el plazo, el propietario debe recibir la notificaci\u00f3n de rescisi\u00f3n antes del tercer d\u00eda laborable del mes.<\/p>\n\n<p>4. pago:<\/p>\n\n<p>4.1 El cliente se compromete a transferir el dep\u00f3sito inmediatamente despu\u00e9s de la celebraci\u00f3n del contrato y a pagar el \u00abalquiler y los servicios\u00bb acordados para la duraci\u00f3n de la estancia, as\u00ed como cualquier tasa o coste adicional de acuerdo con la confirmaci\u00f3n de la reserva a tiempo o, si se acuerda otra cosa, antes del tercer d\u00eda del mes.<\/p>\n\n<p>4.2 El pago deber\u00e1 efectuarse en su totalidad a la llegada, salvo que Supreme Living y el Cliente acuerden otra cosa por escrito.<\/p>\n\n<p>4.3 Debido a las fuertes fluctuaciones de los precios de la energ\u00eda, el arrendador tiene derecho a cobrar un recargo de energ\u00eda de 3,- \u20ac por d\u00eda, si fuera necesario.<\/p>\n\n<p>4.4. Opcionalmente y por un cargo adicional, el inquilino puede alquilar una habitaci\u00f3n en el s\u00f3tano y\/o una plaza de aparcamiento, si est\u00e1n disponibles y el propietario las ofrece.<\/p>\n\n<p>4.5 En el momento de la mudanza, el inquilino deber\u00e1 abonar una tasa de limpieza de 200 euros.<\/p>\n\n<p>5. cancelaci\u00f3n y rescisi\u00f3n:<\/p>\n\n<p>5.1 El Cliente podr\u00e1 cancelar la reserva notific\u00e1ndolo por escrito a Supreme Living. Se aplicar\u00e1n las siguientes tasas de cancelaci\u00f3n:<\/p>\n\n<p>Cancelaci\u00f3n con m\u00e1s de 30 d\u00edas de antelaci\u00f3n a la fecha de llegada prevista: 10% del importe total del alquiler.<\/p>\n\n<p>Anulaci\u00f3n entre 30 y 15 d\u00edas antes de la fecha prevista de llegada: 50% del total del alquiler.<\/p>\n\n<p>Cancelaci\u00f3n con menos de 15 d\u00edas de antelaci\u00f3n a la fecha prevista de llegada: 100% del importe total del alquiler.<\/p>\n\n<p>5.2 Supreme Living podr\u00e1 rescindir el Contrato con efecto inmediato si el Cliente no cumple con sus obligaciones en virtud de estos T\u00e9rminos y Condiciones o si la conducta del Cliente es perturbadora o supone un riesgo para la seguridad o el bienestar de otros residentes o empleados de Supreme Living.<\/p>\n\n<p>6. Responsabilidad:<\/p>\n\n<p>6.1 Supreme Living no ser\u00e1 responsable de ning\u00fan da\u00f1o o p\u00e9rdida sufrida por el Cliente a menos que dicho da\u00f1o o p\u00e9rdida sea causado por mala conducta intencionada o negligencia grave de Supreme Living.<\/p>\n\n<p>6.2 El Cliente es responsable de cualquier da\u00f1o causado al Apartamento o a sus instalaciones durante su estancia y se compromete a indemnizar a Supreme Living por cualquier reparaci\u00f3n o sustituci\u00f3n necesaria.<\/p>\n\n<p>6.3 El arrendador tiene derecho a entrar en cualquier momento en la cocina, los cuartos de ba\u00f1o, los aseos y el vest\u00edbulo del piso.<\/p>\n\n<p>6.4 Si se han acordado servicios de limpieza, ser\u00e1 responsabilidad del Arrendatario garantizar que las personas que realicen los trabajos tengan acceso al piso y a las habitaciones. Y esto en las horas en que los trabajadores est\u00e1n trabajando.<\/p>\n\n<p>En caso de que sea necesario realizar trabajos de reparaci\u00f3n y\/o mantenimiento, el inquilino se asegurar\u00e1 de que los empleados que realicen los trabajos tengan acceso al piso y a las habitaciones durante el tiempo que est\u00e9n trabajando. El inquilino es responsable de los da\u00f1os derivados de los retrasos y la falta de acceso.<\/p>\n\n<p>7. protecci\u00f3n de datos:<\/p>\n\n<p>Supreme Living recopila y procesa datos personales de acuerdo con las leyes de protecci\u00f3n de datos aplicables. Los datos personales del cliente s\u00f3lo se utilizar\u00e1n para cumplir el contrato y no se transmitir\u00e1n a terceros sin su consentimiento, a menos que as\u00ed lo exija la ley.<\/p>\n\n<p>8 Ley aplicable y fuero competente:<\/p>\n\n<p>Estas CGC y la relaci\u00f3n contractual entre Supreme Living y el Cliente se regir\u00e1n por la legislaci\u00f3n alemana. La jurisdicci\u00f3n exclusiva para todos los litigios derivados o relacionados con las presentes CGC y la relaci\u00f3n contractual es Fr\u00e1ncfort, Alemania.<\/p>\n","protected":false},"excerpt":{"rendered":"<p>Supreme living &amp; working GmbH, en lo sucesivo denominada Supreme living, Condiciones Generales de Contrataci\u00f3n (CGC): 1. \u00e1mbito de aplicaci\u00f3n: Estas Condiciones Generales de Contrataci\u00f3n rigen la relaci\u00f3n contractual entre Supreme Living y sus clientes (inquilinos) en relaci\u00f3n con la provisi\u00f3n de habitaciones y pisos amueblados y servicios relacionados. 2. celebraci\u00f3n del contrato:. 2.1 El &#8230;<\/p>\n","protected":false},"author":1,"featured_media":0,"parent":0,"menu_order":0,"comment_status":"closed","ping_status":"closed","template":"","meta":{"inline_featured_image":false,"footnotes":""},"class_list":["post-29983","page","type-page","status-publish","hentry"],"yoast_head":"<!-- This site is optimized with the Yoast SEO plugin v27.4 - https:\/\/yoast.com\/product\/yoast-seo-wordpress\/ -->\n<title>AGB &#187; Supreme Living Frankfurt<\/title>\n<meta name=\"description\" content=\"Supreme Living bietet stilvolle, voll m\u00f6blierte Apartments im Rhein-Main-Gebiet. Ideal f\u00fcr Wohnen auf Zeit, Gesch\u00e4ftsreisende und Pendler \u2013 erleben Sie Komfort und Flexibilit\u00e4t in exklusivem Ambiente.\" \/>\n<meta name=\"robots\" content=\"index, follow, max-snippet:-1, max-image-preview:large, max-video-preview:-1\" \/>\n<link rel=\"canonical\" href=\"https:\/\/supreme-living.de\/es\/agb\/\" \/>\n<meta property=\"og:locale\" content=\"es_ES\" \/>\n<meta property=\"og:type\" content=\"article\" \/>\n<meta property=\"og:title\" content=\"AGB &#187; Supreme Living Frankfurt\" \/>\n<meta property=\"og:description\" content=\"Supreme Living bietet stilvolle, voll m\u00f6blierte Apartments im Rhein-Main-Gebiet. Ideal f\u00fcr Wohnen auf Zeit, Gesch\u00e4ftsreisende und Pendler \u2013 erleben Sie Komfort und Flexibilit\u00e4t in exklusivem Ambiente.\" \/>\n<meta property=\"og:url\" content=\"https:\/\/supreme-living.de\/es\/agb\/\" \/>\n<meta property=\"og:site_name\" content=\"Supreme Living Frankfurt\" \/>\n<meta property=\"article:publisher\" content=\"https:\/\/www.facebook.com\/supremeliving.de\" \/>\n<meta property=\"article:modified_time\" content=\"2023-10-26T11:03:38+00:00\" \/>\n<meta property=\"og:image\" content=\"https:\/\/supreme-living.de\/wp-content\/uploads\/2025\/04\/supreme-living-frankfurt.jpg\" \/>\n\t<meta property=\"og:image:width\" content=\"1200\" \/>\n\t<meta property=\"og:image:height\" content=\"675\" \/>\n\t<meta property=\"og:image:type\" content=\"image\/jpeg\" \/>\n<meta name=\"twitter:card\" content=\"summary_large_image\" \/>\n<meta name=\"twitter:site\" content=\"@SupremeLivingde\" \/>\n<meta name=\"twitter:label1\" content=\"Tiempo de lectura\" \/>\n\t<meta name=\"twitter:data1\" content=\"6 minutos\" \/>\n<script type=\"application\/ld+json\" class=\"yoast-schema-graph\">{\"@context\":\"https:\\\/\\\/schema.org\",\"@graph\":[{\"@type\":\"WebPage\",\"@id\":\"https:\\\/\\\/supreme-living.de\\\/es\\\/agb\\\/\",\"url\":\"https:\\\/\\\/supreme-living.de\\\/es\\\/agb\\\/\",\"name\":\"AGB &#187; Supreme Living Frankfurt\",\"isPartOf\":{\"@id\":\"https:\\\/\\\/supreme-living.de\\\/es\\\/#website\"},\"datePublished\":\"2023-09-29T15:06:51+00:00\",\"dateModified\":\"2023-10-26T11:03:38+00:00\",\"description\":\"Supreme Living bietet stilvolle, voll m\u00f6blierte Apartments im Rhein-Main-Gebiet. Ideal f\u00fcr Wohnen auf Zeit, Gesch\u00e4ftsreisende und Pendler \u2013 erleben Sie Komfort und Flexibilit\u00e4t in exklusivem Ambiente.\",\"breadcrumb\":{\"@id\":\"https:\\\/\\\/supreme-living.de\\\/es\\\/agb\\\/#breadcrumb\"},\"inLanguage\":\"es\",\"potentialAction\":[{\"@type\":\"ReadAction\",\"target\":[\"https:\\\/\\\/supreme-living.de\\\/es\\\/agb\\\/\"]}]},{\"@type\":\"BreadcrumbList\",\"@id\":\"https:\\\/\\\/supreme-living.de\\\/es\\\/agb\\\/#breadcrumb\",\"itemListElement\":[{\"@type\":\"ListItem\",\"position\":1,\"name\":\"Startseite\",\"item\":\"https:\\\/\\\/supreme-living.de\\\/es\\\/\"},{\"@type\":\"ListItem\",\"position\":2,\"name\":\"AGB\"}]},{\"@type\":\"WebSite\",\"@id\":\"https:\\\/\\\/supreme-living.de\\\/es\\\/#website\",\"url\":\"https:\\\/\\\/supreme-living.de\\\/es\\\/\",\"name\":\"Supreme living & working GmbH\",\"description\":\"...besser als Zuhause wohnen!\",\"publisher\":{\"@id\":\"https:\\\/\\\/supreme-living.de\\\/es\\\/#organization\"},\"potentialAction\":[{\"@type\":\"SearchAction\",\"target\":{\"@type\":\"EntryPoint\",\"urlTemplate\":\"https:\\\/\\\/supreme-living.de\\\/es\\\/?s={search_term_string}\"},\"query-input\":{\"@type\":\"PropertyValueSpecification\",\"valueRequired\":true,\"valueName\":\"search_term_string\"}}],\"inLanguage\":\"es\"},{\"@type\":\"Organization\",\"@id\":\"https:\\\/\\\/supreme-living.de\\\/es\\\/#organization\",\"name\":\"Supreme living & working GmbH\",\"url\":\"https:\\\/\\\/supreme-living.de\\\/es\\\/\",\"logo\":{\"@type\":\"ImageObject\",\"inLanguage\":\"es\",\"@id\":\"https:\\\/\\\/supreme-living.de\\\/es\\\/#\\\/schema\\\/logo\\\/image\\\/\",\"url\":\"https:\\\/\\\/supreme-living.de\\\/wp-content\\\/uploads\\\/2023\\\/09\\\/supreme-blue.logo_.png\",\"contentUrl\":\"https:\\\/\\\/supreme-living.de\\\/wp-content\\\/uploads\\\/2023\\\/09\\\/supreme-blue.logo_.png\",\"width\":1055,\"height\":694,\"caption\":\"Supreme living & working GmbH\"},\"image\":{\"@id\":\"https:\\\/\\\/supreme-living.de\\\/es\\\/#\\\/schema\\\/logo\\\/image\\\/\"},\"sameAs\":[\"https:\\\/\\\/www.facebook.com\\\/supremeliving.de\",\"https:\\\/\\\/x.com\\\/SupremeLivingde\",\"https:\\\/\\\/www.instagram.com\\\/supremelivingde\\\/\"]}]}<\/script>\n<!-- \/ Yoast SEO plugin. -->","yoast_head_json":{"title":"AGB &#187; Supreme Living Frankfurt","description":"Supreme Living bietet stilvolle, voll m\u00f6blierte Apartments im Rhein-Main-Gebiet. Ideal f\u00fcr Wohnen auf Zeit, Gesch\u00e4ftsreisende und Pendler \u2013 erleben Sie Komfort und Flexibilit\u00e4t in exklusivem Ambiente.","robots":{"index":"index","follow":"follow","max-snippet":"max-snippet:-1","max-image-preview":"max-image-preview:large","max-video-preview":"max-video-preview:-1"},"canonical":"https:\/\/supreme-living.de\/es\/agb\/","og_locale":"es_ES","og_type":"article","og_title":"AGB &#187; Supreme Living Frankfurt","og_description":"Supreme Living bietet stilvolle, voll m\u00f6blierte Apartments im Rhein-Main-Gebiet. Ideal f\u00fcr Wohnen auf Zeit, Gesch\u00e4ftsreisende und Pendler \u2013 erleben Sie Komfort und Flexibilit\u00e4t in exklusivem Ambiente.","og_url":"https:\/\/supreme-living.de\/es\/agb\/","og_site_name":"Supreme Living Frankfurt","article_publisher":"https:\/\/www.facebook.com\/supremeliving.de","article_modified_time":"2023-10-26T11:03:38+00:00","og_image":[{"width":1200,"height":675,"url":"https:\/\/supreme-living.de\/wp-content\/uploads\/2025\/04\/supreme-living-frankfurt.jpg","type":"image\/jpeg"}],"twitter_card":"summary_large_image","twitter_site":"@SupremeLivingde","twitter_misc":{"Tiempo de lectura":"6 minutos"},"schema":{"@context":"https:\/\/schema.org","@graph":[{"@type":"WebPage","@id":"https:\/\/supreme-living.de\/es\/agb\/","url":"https:\/\/supreme-living.de\/es\/agb\/","name":"AGB &#187; Supreme Living Frankfurt","isPartOf":{"@id":"https:\/\/supreme-living.de\/es\/#website"},"datePublished":"2023-09-29T15:06:51+00:00","dateModified":"2023-10-26T11:03:38+00:00","description":"Supreme Living bietet stilvolle, voll m\u00f6blierte Apartments im Rhein-Main-Gebiet. Ideal f\u00fcr Wohnen auf Zeit, Gesch\u00e4ftsreisende und Pendler \u2013 erleben Sie Komfort und Flexibilit\u00e4t in exklusivem Ambiente.","breadcrumb":{"@id":"https:\/\/supreme-living.de\/es\/agb\/#breadcrumb"},"inLanguage":"es","potentialAction":[{"@type":"ReadAction","target":["https:\/\/supreme-living.de\/es\/agb\/"]}]},{"@type":"BreadcrumbList","@id":"https:\/\/supreme-living.de\/es\/agb\/#breadcrumb","itemListElement":[{"@type":"ListItem","position":1,"name":"Startseite","item":"https:\/\/supreme-living.de\/es\/"},{"@type":"ListItem","position":2,"name":"AGB"}]},{"@type":"WebSite","@id":"https:\/\/supreme-living.de\/es\/#website","url":"https:\/\/supreme-living.de\/es\/","name":"Supreme living & working GmbH","description":"...besser als Zuhause wohnen!","publisher":{"@id":"https:\/\/supreme-living.de\/es\/#organization"},"potentialAction":[{"@type":"SearchAction","target":{"@type":"EntryPoint","urlTemplate":"https:\/\/supreme-living.de\/es\/?s={search_term_string}"},"query-input":{"@type":"PropertyValueSpecification","valueRequired":true,"valueName":"search_term_string"}}],"inLanguage":"es"},{"@type":"Organization","@id":"https:\/\/supreme-living.de\/es\/#organization","name":"Supreme living & working GmbH","url":"https:\/\/supreme-living.de\/es\/","logo":{"@type":"ImageObject","inLanguage":"es","@id":"https:\/\/supreme-living.de\/es\/#\/schema\/logo\/image\/","url":"https:\/\/supreme-living.de\/wp-content\/uploads\/2023\/09\/supreme-blue.logo_.png","contentUrl":"https:\/\/supreme-living.de\/wp-content\/uploads\/2023\/09\/supreme-blue.logo_.png","width":1055,"height":694,"caption":"Supreme living & working GmbH"},"image":{"@id":"https:\/\/supreme-living.de\/es\/#\/schema\/logo\/image\/"},"sameAs":["https:\/\/www.facebook.com\/supremeliving.de","https:\/\/x.com\/SupremeLivingde","https:\/\/www.instagram.com\/supremelivingde\/"]}]}},"_links":{"self":[{"href":"https:\/\/supreme-living.de\/es\/wp-json\/wp\/v2\/pages\/29983","targetHints":{"allow":["GET"]}}],"collection":[{"href":"https:\/\/supreme-living.de\/es\/wp-json\/wp\/v2\/pages"}],"about":[{"href":"https:\/\/supreme-living.de\/es\/wp-json\/wp\/v2\/types\/page"}],"author":[{"embeddable":true,"href":"https:\/\/supreme-living.de\/es\/wp-json\/wp\/v2\/users\/1"}],"replies":[{"embeddable":true,"href":"https:\/\/supreme-living.de\/es\/wp-json\/wp\/v2\/comments?post=29983"}],"version-history":[{"count":0,"href":"https:\/\/supreme-living.de\/es\/wp-json\/wp\/v2\/pages\/29983\/revisions"}],"wp:attachment":[{"href":"https:\/\/supreme-living.de\/es\/wp-json\/wp\/v2\/media?parent=29983"}],"curies":[{"name":"wp","href":"https:\/\/api.w.org\/{rel}","templated":true}]}}